{"id":1016,"date":"2021-04-21T04:34:33","date_gmt":"2021-04-21T04:34:33","guid":{"rendered":"https:\/\/lahormiguera.cl\/wp\/producto\/vitrinas-virtuales-para-el-comercio-local-de-penalolen\/"},"modified":"2023-09-06T00:38:17","modified_gmt":"2023-09-06T00:38:17","slug":"por-la-salud-y-el-desarrollo-fisico-social-y-psicologico-de-ninos-vulnerables","status":"publish","type":"product","link":"https:\/\/lahormiguera.cl\/wp\/producto\/por-la-salud-y-el-desarrollo-fisico-social-y-psicologico-de-ninos-vulnerables\/","title":{"rendered":"Por la salud, desarrollo f\u00edsico, social y psicol\u00f3gico de ni\u00f1xs vulnerables"},"content":{"rendered":"","protected":false},"excerpt":{"rendered":"<p>En Patronato Madre-Hijo\u00a0 velamos por la salud y el desarrollo integral de los ni\u00f1os m\u00e1s vulnerables, entregando atenci\u00f3n m\u00e9dica y educaci\u00f3n de calidad con un equipo multidisciplinario profesionales. Apostamos por fortalecer el v\u00ednculo madre-hijo, d\u00e1ndole a las mam\u00e1s el apoyo y las herramientas para cuidar su crecimiento f\u00edsico, la formaci\u00f3n de sus capacidades cognitivas y sus habilidades emocionales y sociales.<\/p>\n<p><em><strong>Frecuencia:<\/strong><\/em> Diaria<br \/>\n<em><strong>Requiere apoyo de terceros:<\/strong> <\/em>Si<\/p>\n<h4><em><strong>Vinc\u00falate en:<\/strong><\/em><\/h4>\n<p><strong><span style=\"color: #ff0000;\">\u21d2<\/span> <a href=\"https:\/\/www.patronato.cl\/\">https:\/\/www.patronato.cl\/<\/a><\/strong><br \/>\n<strong><span style=\"color: #ff0000;\">\u21d2<\/span> <a href=\"https:\/\/www.facebook.com\/patronatomadrehijo\">https:\/\/www.facebook.com\/patronatomadrehijo<\/a><\/strong><br \/>\n<strong><span style=\"color: #ff0000;\">\u21d2<\/span> <a href=\"https:\/\/www.instagram.com\/patronatomh\/\">https:\/\/www.instagram.com\/patronatomh\/<\/a><\/strong><br \/>\n<strong><span style=\"color: #ff0000;\">\u21d2<\/span> mariajose@patronato.cl<\/strong><\/p>\n","protected":false},"featured_media":1920,"comment_status":"open","ping_status":"closed","template":"","meta":[],"product_brand":[],"product_cat":[145,148],"product_tag":[],"class_list":{"0":"post-1016","1":"product","2":"type-product","3":"status-publish","4":"has-post-thumbnail","6":"product_cat-metropolitana","7":"product_cat-valparaiso","9":"first","10":"outofstock","11":"shipping-taxable","12":"product-type-simple"},"jetpack_sharing_enabled":true,"_links":{"self":[{"href":"https:\/\/lahormiguera.cl\/wp\/wp-json\/wp\/v2\/product\/1016","targetHints":{"allow":["GET"]}}],"collection":[{"href":"https:\/\/lahormiguera.cl\/wp\/wp-json\/wp\/v2\/product"}],"about":[{"href":"https:\/\/lahormiguera.cl\/wp\/wp-json\/wp\/v2\/types\/product"}],"replies":[{"embeddable":true,"href":"https:\/\/lahormiguera.cl\/wp\/wp-json\/wp\/v2\/comments?post=1016"}],"wp:featuredmedia":[{"embeddable":true,"href":"https:\/\/lahormiguera.cl\/wp\/wp-json\/wp\/v2\/media\/1920"}],"wp:attachment":[{"href":"https:\/\/lahormiguera.cl\/wp\/wp-json\/wp\/v2\/media?parent=1016"}],"wp:term":[{"taxonomy":"product_brand","embeddable":true,"href":"https:\/\/lahormiguera.cl\/wp\/wp-json\/wp\/v2\/product_brand?post=1016"},{"taxonomy":"product_cat","embeddable":true,"href":"https:\/\/lahormiguera.cl\/wp\/wp-json\/wp\/v2\/product_cat?post=1016"},{"taxonomy":"product_tag","embeddable":true,"href":"https:\/\/lahormiguera.cl\/wp\/wp-json\/wp\/v2\/product_tag?post=1016"}],"curies":[{"name":"wp","href":"https:\/\/api.w.org\/{rel}","templated":true}]}}