{"id":1059,"date":"2021-04-21T04:35:09","date_gmt":"2021-04-21T04:35:09","guid":{"rendered":"https:\/\/lahormiguera.cl\/wp\/producto\/reportajes-testimonios-y-noticias-de-lo-que-pasa-en-torno-al-mundo-de-las-personas-con-discapacidad\/"},"modified":"2023-09-06T00:29:55","modified_gmt":"2023-09-06T00:29:55","slug":"empoderamos-mujeres-para-que-trabajen-y-prosperen-en-el-mundo-de-la-tecnologia","status":"publish","type":"product","link":"https:\/\/lahormiguera.cl\/wp\/producto\/empoderamos-mujeres-para-que-trabajen-y-prosperen-en-el-mundo-de-la-tecnologia\/","title":{"rendered":"Empoderamos mujeres para que trabajen y prosperen en el mundo de la tecnolog\u00eda"},"content":{"rendered":"","protected":false},"excerpt":{"rendered":"<p>Laboratoria impulsa a mujeres que sue\u00f1an con un futuro mejor a comenzar y crecer una carrera transformadora en tecnolog\u00eda. Contamos con:<\/p>\n<ul>\n<li>Un bootcamp de tiempo completo de 6 meses en el que las estudiantes desarrollan habilidad t\u00e9cnicas y blandas claves para trabajar como desarrolladoras web y dise\u00f1adoras UX. Las estudiantes no pagan nada durante el programa y, despu\u00e9s de conseguir un trabajo, devuelven una cantidad subsidiada en cuotas mensuales para que otras mujeres puedan tener la misma oportunidad.<\/li>\n<li>Empleabilidad y alianzas con empresas<\/li>\n<\/ul>\n<p><em><strong>Frecuencia:<\/strong> <\/em>Diaria<br \/>\n<em><strong>Requiere apoyo de terceros:<\/strong> <\/em>No<\/p>\n<h4><em><strong>Vinc\u00falate en:<\/strong><\/em><\/h4>\n<p><strong><span style=\"color: #ff0000;\">\u21d2<\/span> <a href=\"https:\/\/www.laboratoria.la\/\">https:\/\/www.laboratoria.la\/<\/a><\/strong><br \/>\n<strong><span style=\"color: #ff0000;\">\u21d2<\/span> <a href=\"https:\/\/www.facebook.com\/laboratoriala\/\">https:\/\/www.facebook.com\/laboratoriala\/<\/a><\/strong><br \/>\n<strong><span style=\"color: #ff0000;\">\u21d2<\/span> <a href=\"https:\/\/www.instagram.com\/laboratoriala\/\">https:\/\/www.instagram.com\/laboratoriala\/<\/a><\/strong><br \/>\n<strong><span style=\"color: #ff0000;\">\u21d2<\/span> sumate@laboratoria.la<\/strong><\/p>\n","protected":false},"featured_media":1909,"comment_status":"open","ping_status":"closed","template":"","meta":[],"product_brand":[],"product_cat":[20],"product_tag":[],"class_list":{"0":"post-1059","1":"product","2":"type-product","3":"status-publish","4":"has-post-thumbnail","6":"product_cat-todo-chile","8":"first","9":"outofstock","10":"shipping-taxable","11":"product-type-simple"},"jetpack_sharing_enabled":true,"_links":{"self":[{"href":"https:\/\/lahormiguera.cl\/wp\/wp-json\/wp\/v2\/product\/1059","targetHints":{"allow":["GET"]}}],"collection":[{"href":"https:\/\/lahormiguera.cl\/wp\/wp-json\/wp\/v2\/product"}],"about":[{"href":"https:\/\/lahormiguera.cl\/wp\/wp-json\/wp\/v2\/types\/product"}],"replies":[{"embeddable":true,"href":"https:\/\/lahormiguera.cl\/wp\/wp-json\/wp\/v2\/comments?post=1059"}],"wp:featuredmedia":[{"embeddable":true,"href":"https:\/\/lahormiguera.cl\/wp\/wp-json\/wp\/v2\/media\/1909"}],"wp:attachment":[{"href":"https:\/\/lahormiguera.cl\/wp\/wp-json\/wp\/v2\/media?parent=1059"}],"wp:term":[{"taxonomy":"product_brand","embeddable":true,"href":"https:\/\/lahormiguera.cl\/wp\/wp-json\/wp\/v2\/product_brand?post=1059"},{"taxonomy":"product_cat","embeddable":true,"href":"https:\/\/lahormiguera.cl\/wp\/wp-json\/wp\/v2\/product_cat?post=1059"},{"taxonomy":"product_tag","embeddable":true,"href":"https:\/\/lahormiguera.cl\/wp\/wp-json\/wp\/v2\/product_tag?post=1059"}],"curies":[{"name":"wp","href":"https:\/\/api.w.org\/{rel}","templated":true}]}}