{"id":1060,"date":"2021-04-21T04:35:09","date_gmt":"2021-04-21T04:35:09","guid":{"rendered":"https:\/\/lahormiguera.cl\/wp\/producto\/trabajamos-para-que-todos-los-ninos-y-ninas-de-chile-cuenten-con-grandes-profesores-y-educadores-de-parvulos\/"},"modified":"2023-09-06T00:24:24","modified_gmt":"2023-09-06T00:24:24","slug":"para-que-ninxs-cuenten-con-grandes-profesores-y-educadores-de-parvulos","status":"publish","type":"product","link":"https:\/\/lahormiguera.cl\/wp\/producto\/para-que-ninxs-cuenten-con-grandes-profesores-y-educadores-de-parvulos\/","title":{"rendered":"Para que lxs ni\u00f1xs cuenten con grandes profesores y educadores de p\u00e1rvulos"},"content":{"rendered":"","protected":false},"excerpt":{"rendered":"<p>Somos una iniciativa p\u00fablico-privada que funciona al alero del Centro de Pol\u00edticas P\u00fablicas de la Universidad Cat\u00f3lica. Contamos con el apoyo y financiamiento del Ministerio de Educaci\u00f3n y de socios privados que comparten nuestra gran causa: trabajar para que todos los ni\u00f1os y ni\u00f1as de Chile cuenten con grandes profesores y educadores de p\u00e1rvulos.<\/p>\n<ul>\n<li>Atracci\u00f3n y retenci\u00f3n: Atraemos a j\u00f3venes de alto desempe\u00f1o acad\u00e9mico y vocaci\u00f3n a las carreras de educaci\u00f3n, para invitarlos a ser parte de una profesi\u00f3n estrat\u00e9gica y transformadora.<\/li>\n<li>Valoraci\u00f3n social y profesional: Trabajamos d\u00eda a d\u00eda por instalar una cultura de respeto y valoraci\u00f3n hacia el trabajo de profesores y educadores de p\u00e1rvulos.<\/li>\n<li>Pol\u00edticas p\u00fablicas e institucionales: Impulsamos cambios en las pol\u00edticas p\u00fablicas e institucionales para: incidir en el desarrollo de mejoras en las condiciones de ense\u00f1anza, y para atraer y retener a profesores talentosos y motivados para que permanezcan en las salas de clase.<\/li>\n<\/ul>\n<p><em><strong>Frecuencia:<\/strong> <\/em>Diaria<br \/>\n<em><strong>Requiere apoyo de terceros:<\/strong><\/em> No<\/p>\n<h4><em><strong>Vinc\u00falate en:<\/strong><\/em><\/h4>\n<p><strong><span style=\"color: #000000;\"><span style=\"color: #ff0000;\">\u21d2<\/span> <a style=\"color: #000000;\" href=\"https:\/\/eligeeducar.cl\">https:\/\/eligeeducar.cl<\/a><\/span><\/strong><br \/>\n<strong><span style=\"color: #000000;\"><span style=\"color: #ff0000;\">\u21d2<\/span> <a style=\"color: #000000;\" href=\"https:\/\/www.facebook.com\/eligeeducar\/\">https:\/\/www.facebook.com\/eligeeducar\/<\/a><\/span><\/strong><br \/>\n<strong><span style=\"color: #000000;\"><span style=\"color: #ff0000;\">\u21d2<\/span> <a style=\"color: #000000;\" href=\"https:\/\/www.instagram.com\/eligeeducar\/\">https:\/\/www.instagram.com\/eligeeducar\/<\/a><\/span><\/strong><br \/>\n<strong><span style=\"color: #000000;\"><span style=\"color: #ff0000;\">\u21d2<\/span> contacto@eligeeducar.cl<\/span><\/strong><\/p>\n","protected":false},"featured_media":1848,"comment_status":"open","ping_status":"closed","template":"","meta":[],"product_brand":[],"product_cat":[20],"product_tag":[],"class_list":{"0":"post-1060","1":"product","2":"type-product","3":"status-publish","4":"has-post-thumbnail","6":"product_cat-todo-chile","8":"first","9":"outofstock","10":"shipping-taxable","11":"product-type-simple"},"jetpack_sharing_enabled":true,"_links":{"self":[{"href":"https:\/\/lahormiguera.cl\/wp\/wp-json\/wp\/v2\/product\/1060","targetHints":{"allow":["GET"]}}],"collection":[{"href":"https:\/\/lahormiguera.cl\/wp\/wp-json\/wp\/v2\/product"}],"about":[{"href":"https:\/\/lahormiguera.cl\/wp\/wp-json\/wp\/v2\/types\/product"}],"replies":[{"embeddable":true,"href":"https:\/\/lahormiguera.cl\/wp\/wp-json\/wp\/v2\/comments?post=1060"}],"wp:featuredmedia":[{"embeddable":true,"href":"https:\/\/lahormiguera.cl\/wp\/wp-json\/wp\/v2\/media\/1848"}],"wp:attachment":[{"href":"https:\/\/lahormiguera.cl\/wp\/wp-json\/wp\/v2\/media?parent=1060"}],"wp:term":[{"taxonomy":"product_brand","embeddable":true,"href":"https:\/\/lahormiguera.cl\/wp\/wp-json\/wp\/v2\/product_brand?post=1060"},{"taxonomy":"product_cat","embeddable":true,"href":"https:\/\/lahormiguera.cl\/wp\/wp-json\/wp\/v2\/product_cat?post=1060"},{"taxonomy":"product_tag","embeddable":true,"href":"https:\/\/lahormiguera.cl\/wp\/wp-json\/wp\/v2\/product_tag?post=1060"}],"curies":[{"name":"wp","href":"https:\/\/api.w.org\/{rel}","templated":true}]}}