{"id":1081,"date":"2021-04-21T04:35:27","date_gmt":"2021-04-21T04:35:27","guid":{"rendered":"https:\/\/lahormiguera.cl\/wp\/producto\/trabajamos-por-los-derechos-de-quienes-se-encuentran-privades-de-libertad\/"},"modified":"2022-09-11T19:57:22","modified_gmt":"2022-09-11T19:57:22","slug":"trabajamos-por-la-defensa-y-promocion-de-los-derechos-de-las-personas-privadas-de-libertad","status":"publish","type":"product","link":"https:\/\/lahormiguera.cl\/wp\/producto\/trabajamos-por-la-defensa-y-promocion-de-los-derechos-de-las-personas-privadas-de-libertad\/","title":{"rendered":"Trabajamos por la defensa y promoci\u00f3n de los derechos de las personas privadas de libertad"},"content":{"rendered":"","protected":false},"excerpt":{"rendered":"<p>En Leasur, <span class=\"gvxzyvdx aeinzg81 t7p7dqev gh25dzvf ocv3nf92 b6ax4al1 gem102v4 ncib64c9 mrvwc6qr sx8pxkcf f597kf1v cpcgwwas f5mw3jnl ib8x7mpr k1z55t6l oog5qr5w tes86rjd pbevjfx6 ztn2w49o\" dir=\"auto\"><span class=\"gvxzyvdx aeinzg81 t7p7dqev gh25dzvf ocv3nf92 k1z55t6l oog5qr5w tes86rjd pbevjfx6 ztn2w49o\"> Litigaci\u00f3n Estrat\u00e9gica de Am\u00e9rica del Sur<\/span><\/span>, trabajamos por una sociedad m\u00e1s justa y libre, a trav\u00e9s de la transformaci\u00f3n del sistema de justicia penal que tenga como eje central la dignidad de las personas privadas de libertad y sus cercanos\/as, donde se racionalicen los criterios de persecuci\u00f3n, se reduzca al m\u00ednimo el uso de la c\u00e1rcel y se humanice la respuesta del fen\u00f3meno delictivo, teniendo como horizonte el abolicionismo carcelario. L\u00edneas de trabajo:<\/p>\n<ul>\n<li>Trabajo territorial con una mirada t\u00e9cnica y cr\u00edtica<\/li>\n<li>Promoci\u00f3n, transformaci\u00f3n y\/o creaci\u00f3n de pol\u00edticas p\u00fablicas<\/li>\n<li>Visibilizaci\u00f3n de las condiciones carcelarias en las cuales viven las personas privadas de libertad y sus cercanos\/as<\/li>\n<li>Impulsar instancias de inducci\u00f3n, formaci\u00f3n y capacitaci\u00f3n<\/li>\n<\/ul>\n<p><em><strong>Frecuencia:<\/strong><\/em> Diaria<br \/>\n<em><strong>Requiere apoyo de terceros:<\/strong> <\/em>Si<\/p>\n<h4><em><strong>Vinc\u00falate en:<\/strong><\/em><\/h4>\n<p><strong><span style=\"color: #000000;\"><span style=\"color: #ff0000;\">\u21d2<\/span><a style=\"color: #000000;\" href=\"http:\/\/leasur.cl\/\"> http:\/\/leasur.cl\/<\/a><\/span><\/strong><br \/>\n<strong><span style=\"color: #000000;\"><span style=\"color: #ff0000;\">\u21d2<\/span> <a style=\"color: #000000;\" href=\"https:\/\/www.facebook.com\/leasur.ong\/\">https:\/\/www.facebook.com\/leasur.ong\/<\/a><\/span><\/strong><br \/>\n<strong><span style=\"color: #000000;\"><span style=\"color: #ff0000;\">\u21d2<\/span> contacto@leasur.cl<\/span><\/strong><\/p>\n","protected":false},"featured_media":1844,"comment_status":"open","ping_status":"closed","template":"","meta":[],"product_brand":[],"product_cat":[145],"product_tag":[],"class_list":{"0":"post-1081","1":"product","2":"type-product","3":"status-publish","4":"has-post-thumbnail","6":"product_cat-metropolitana","8":"first","9":"outofstock","10":"shipping-taxable","11":"product-type-simple"},"jetpack_sharing_enabled":true,"_links":{"self":[{"href":"https:\/\/lahormiguera.cl\/wp\/wp-json\/wp\/v2\/product\/1081","targetHints":{"allow":["GET"]}}],"collection":[{"href":"https:\/\/lahormiguera.cl\/wp\/wp-json\/wp\/v2\/product"}],"about":[{"href":"https:\/\/lahormiguera.cl\/wp\/wp-json\/wp\/v2\/types\/product"}],"replies":[{"embeddable":true,"href":"https:\/\/lahormiguera.cl\/wp\/wp-json\/wp\/v2\/comments?post=1081"}],"wp:featuredmedia":[{"embeddable":true,"href":"https:\/\/lahormiguera.cl\/wp\/wp-json\/wp\/v2\/media\/1844"}],"wp:attachment":[{"href":"https:\/\/lahormiguera.cl\/wp\/wp-json\/wp\/v2\/media?parent=1081"}],"wp:term":[{"taxonomy":"product_brand","embeddable":true,"href":"https:\/\/lahormiguera.cl\/wp\/wp-json\/wp\/v2\/product_brand?post=1081"},{"taxonomy":"product_cat","embeddable":true,"href":"https:\/\/lahormiguera.cl\/wp\/wp-json\/wp\/v2\/product_cat?post=1081"},{"taxonomy":"product_tag","embeddable":true,"href":"https:\/\/lahormiguera.cl\/wp\/wp-json\/wp\/v2\/product_tag?post=1081"}],"curies":[{"name":"wp","href":"https:\/\/api.w.org\/{rel}","templated":true}]}}