{"id":1118,"date":"2021-04-21T04:35:52","date_gmt":"2021-04-21T04:35:52","guid":{"rendered":"https:\/\/lahormiguera.cl\/wp\/producto\/apoyo-a-migrantes-en-distintas-ciudades-de-chile\/"},"modified":"2022-08-13T18:44:55","modified_gmt":"2022-08-13T18:44:55","slug":"apoyo-a-migrantes-en-distintas-ciudades-de-chile","status":"publish","type":"product","link":"https:\/\/lahormiguera.cl\/wp\/producto\/apoyo-a-migrantes-en-distintas-ciudades-de-chile\/","title":{"rendered":"Apoyo a migrantes en distintas ciudades de Chile"},"content":{"rendered":"","protected":false},"excerpt":{"rendered":"<p>En Incami, instituto cat\u00f3lico chileno de migraci\u00f3n, promovemos la dignidad y derechos de las personas migrantes, mediante acciones de acogida, protecci\u00f3n e integraci\u00f3n tales como: Bolsa de empleo, Asesor\u00eda jur\u00eddica, Casa de acogida, Ayuda social, Acompa\u00f1amiento espiritual, Formaci\u00f3n y orientaci\u00f3n en general, Charlas de apresto laboral, Actividades recreativas y culturales. En Arica, Iquique, Calama, Antofagasta, Copiap\u00f3, La Serena, Valpara\u00edso, San Felipe, , Melipilla, Santiago, Rancagua, Talca, Linares, Chill\u00e1n, Concepci\u00f3n, Los \u00c1ngeles, Temuco, Villarrica, Valdivia, Puerto Montt, Ays\u00e9n, Punta Arenas.<\/p>\n<p><em><strong>Frecuencia:<\/strong> <\/em>Diaria<br \/>\n<em><strong>Requiere apoyo de terceros:<\/strong><\/em> Si<\/p>\n<div id=\"elementor-tab-content-9081\" class=\"elementor-tab-content elementor-clearfix elementor-active\" tabindex=\"0\" role=\"tabpanel\" data-tab=\"1\" aria-labelledby=\"elementor-tab-title-9081\"><\/div>\n<h4><em><strong>Vinc\u00falate en:<\/strong><\/em><\/h4>\n<p><span style=\"color: #ff0000;\">\u21d2 <\/span><a href=\"https:\/\/incami.cl\/\"><span style=\"color: #000000;\">https:\/\/incami.cl\/<\/span><\/a><br \/>\n<span style=\"color: #ff0000;\">\u21d2 <a href=\"https:\/\/www.facebook.com\/incami\/\"><span style=\"color: #000000;\">https:\/\/www.facebook.com\/incami\/<\/span><\/a><\/span><\/p>\n","protected":false},"featured_media":1604,"comment_status":"open","ping_status":"closed","template":"","meta":[],"product_brand":[],"product_cat":[20],"product_tag":[],"class_list":{"0":"post-1118","1":"product","2":"type-product","3":"status-publish","4":"has-post-thumbnail","6":"product_cat-todo-chile","8":"first","9":"outofstock","10":"shipping-taxable","11":"product-type-simple"},"jetpack_sharing_enabled":true,"_links":{"self":[{"href":"https:\/\/lahormiguera.cl\/wp\/wp-json\/wp\/v2\/product\/1118","targetHints":{"allow":["GET"]}}],"collection":[{"href":"https:\/\/lahormiguera.cl\/wp\/wp-json\/wp\/v2\/product"}],"about":[{"href":"https:\/\/lahormiguera.cl\/wp\/wp-json\/wp\/v2\/types\/product"}],"replies":[{"embeddable":true,"href":"https:\/\/lahormiguera.cl\/wp\/wp-json\/wp\/v2\/comments?post=1118"}],"wp:featuredmedia":[{"embeddable":true,"href":"https:\/\/lahormiguera.cl\/wp\/wp-json\/wp\/v2\/media\/1604"}],"wp:attachment":[{"href":"https:\/\/lahormiguera.cl\/wp\/wp-json\/wp\/v2\/media?parent=1118"}],"wp:term":[{"taxonomy":"product_brand","embeddable":true,"href":"https:\/\/lahormiguera.cl\/wp\/wp-json\/wp\/v2\/product_brand?post=1118"},{"taxonomy":"product_cat","embeddable":true,"href":"https:\/\/lahormiguera.cl\/wp\/wp-json\/wp\/v2\/product_cat?post=1118"},{"taxonomy":"product_tag","embeddable":true,"href":"https:\/\/lahormiguera.cl\/wp\/wp-json\/wp\/v2\/product_tag?post=1118"}],"curies":[{"name":"wp","href":"https:\/\/api.w.org\/{rel}","templated":true}]}}