{"id":1120,"date":"2021-04-21T04:35:52","date_gmt":"2021-04-21T04:35:52","guid":{"rendered":"https:\/\/lahormiguera.cl\/wp\/producto\/promover-la-convivencia-intercultural-entre-nacionales-y-migrantes-asi-como-el-ejercicio-de-derechos-de-ninx-y-familias-migrantes\/"},"modified":"2023-09-06T00:14:00","modified_gmt":"2023-09-06T00:14:00","slug":"acompanamos-a-la-ninez-y-adolescencia-en-contextos-pluriculturales","status":"publish","type":"product","link":"https:\/\/lahormiguera.cl\/wp\/producto\/acompanamos-a-la-ninez-y-adolescencia-en-contextos-pluriculturales\/","title":{"rendered":"Acompa\u00f1amos a la ni\u00f1ez y adolescencia en contextos pluriculturales"},"content":{"rendered":"","protected":false},"excerpt":{"rendered":"<p>En la Corporaci\u00f3n Colectivo Sin Fronteras desarrollamos programas para la convivencia intercultural y el resguardo de la dignidad y derechos de las personas en situaci\u00f3n de movilidad.<br \/>\nDesarrollamos estrategias, programas y proyectos orientados a abordar los distintos desaf\u00edos que supone, para Estado y la sociedad civil, la convivencia intercultural y el resguardo de la dignidad y los derechos de las personas en situaci\u00f3n de movilidad humana que vienen asent\u00e1ndose en Chile, principalmente de los grupos de especial protecci\u00f3n como la ni\u00f1ez y las mujeres.<\/p>\n<p><em><strong>Frecuencia:<\/strong> <\/em>Diaria<br \/>\n<em><strong>Requiere apoyo de terceros:<\/strong><\/em> Si<\/p>\n<h4><em><strong>Vinc\u00falate en:<\/strong><\/em><\/h4>\n<p><span style=\"color: #000000;\"><strong><span style=\"color: #ff0000;\">\u21d2 <\/span><a style=\"color: #000000;\" href=\"https:\/\/www.sinfronteraschile.cl\/\">https:\/\/www.sinfronteraschile.cl\/<\/a><\/strong><\/span><br \/>\n<span style=\"color: #000000;\"><strong><span style=\"color: #ff0000;\">\u21d2<\/span> <a style=\"color: #000000;\" href=\"https:\/\/www.facebook.com\/colectivosinfronteras.chile\/\">https:\/\/www.facebook.com\/colectivosinfronteras.chile\/<\/a><\/strong><\/span><br \/>\n<span style=\"color: #000000;\"><strong><span style=\"color: #ff0000;\">\u21d2<\/span> <a style=\"color: #000000;\" href=\"https:\/\/www.instagram.com\/colectivosinfronteras\/\">https:\/\/www.instagram.com\/colectivosinfronteras\/<\/a><\/strong><\/span><br \/>\n<span style=\"color: #000000;\"><strong><span style=\"color: #ff0000;\">\u21d2\u00a0<\/span> contacto@sinfronteraschile.cl<\/strong><\/span><\/p>\n","protected":false},"featured_media":1811,"comment_status":"open","ping_status":"closed","template":"","meta":[],"product_brand":[],"product_cat":[20],"product_tag":[],"class_list":{"0":"post-1120","1":"product","2":"type-product","3":"status-publish","4":"has-post-thumbnail","6":"product_cat-todo-chile","8":"first","9":"outofstock","10":"shipping-taxable","11":"product-type-simple"},"jetpack_sharing_enabled":true,"_links":{"self":[{"href":"https:\/\/lahormiguera.cl\/wp\/wp-json\/wp\/v2\/product\/1120","targetHints":{"allow":["GET"]}}],"collection":[{"href":"https:\/\/lahormiguera.cl\/wp\/wp-json\/wp\/v2\/product"}],"about":[{"href":"https:\/\/lahormiguera.cl\/wp\/wp-json\/wp\/v2\/types\/product"}],"replies":[{"embeddable":true,"href":"https:\/\/lahormiguera.cl\/wp\/wp-json\/wp\/v2\/comments?post=1120"}],"wp:featuredmedia":[{"embeddable":true,"href":"https:\/\/lahormiguera.cl\/wp\/wp-json\/wp\/v2\/media\/1811"}],"wp:attachment":[{"href":"https:\/\/lahormiguera.cl\/wp\/wp-json\/wp\/v2\/media?parent=1120"}],"wp:term":[{"taxonomy":"product_brand","embeddable":true,"href":"https:\/\/lahormiguera.cl\/wp\/wp-json\/wp\/v2\/product_brand?post=1120"},{"taxonomy":"product_cat","embeddable":true,"href":"https:\/\/lahormiguera.cl\/wp\/wp-json\/wp\/v2\/product_cat?post=1120"},{"taxonomy":"product_tag","embeddable":true,"href":"https:\/\/lahormiguera.cl\/wp\/wp-json\/wp\/v2\/product_tag?post=1120"}],"curies":[{"name":"wp","href":"https:\/\/api.w.org\/{rel}","templated":true}]}}