{"id":2025,"date":"2022-12-28T16:36:00","date_gmt":"2022-12-28T16:36:00","guid":{"rendered":"https:\/\/lahormiguera.cl\/wp\/?post_type=product&#038;p=2025"},"modified":"2022-12-28T17:09:14","modified_gmt":"2022-12-28T17:09:14","slug":"conservemos-tesoros-naturales-y-culturales-en-riesgo","status":"publish","type":"product","link":"https:\/\/lahormiguera.cl\/wp\/producto\/conservemos-tesoros-naturales-y-culturales-en-riesgo\/","title":{"rendered":"Conservemos tesoros naturales y culturales en riesgo"},"content":{"rendered":"","protected":false},"excerpt":{"rendered":"<div class=\"text-wrapper cf\">\n<p class=\"font_8\">Fundaci\u00f3n Altiplano Somos una organizaci\u00f3n sin fin de lucro que acompa\u00f1a a comunidades andinas y rurales que necesitan conservar sus tesoros naturales y culturales en riesgo. Desde Arica y Parinacota, Chile, ha logrado instalar una referencia de conservaci\u00f3n patrimonial con sentido comunitario y que persiste en el sue\u00f1o de caminar junto a comunidades andinas y rurales, para lograr un desarrollo m\u00e1s justo y sostenible del planeta.<\/p>\n<\/div>\n<p><strong><em>Frecuencia: <\/em><\/strong>Todos los d\u00edas<\/p>\n<p><em><strong>Requiere apoyo de terceros:<\/strong><\/em> Si<\/p>\n<h4><strong>Vinc\u00falate en:<\/strong><\/h4>\n<p><strong><span style=\"color: #ff0000\">\u21d2 <\/span><a href=\"https:\/\/www.fundacionaltiplano.cl\/\">https:\/\/www.fundacionaltiplano.cl\/<\/a><\/strong><br \/>\n<strong><span style=\"color: #ff0000\">\u21d2 <\/span><a href=\"https:\/\/www.facebook.com\/altiplanoFA\/\">https:\/\/www.facebook.com\/altiplanoFA\/<\/a><\/strong><br \/>\n<strong><span style=\"color: #ff0000\">\u21d2 <\/span><a href=\"https:\/\/www.instagram.com\/fundacionaltiplano\/?hl=es\">https:\/\/www.instagram.com\/fundacionaltiplano\/?hl=es<\/a><\/strong><br \/>\n<strong><span style=\"color: #ff0000\">\u21d2 <\/span> contacto@fundacionaltiplano.cl<\/strong><br \/>\n<strong><span style=\"color: #ff0000\">\u21d2 <\/span> Andr\u00e9s Bello #1515, Arica, Chile<\/strong><br \/>\n<strong><span style=\"color: #ff0000\">\u21d2 <\/span> +56 58 225 3616<\/strong><\/p>\n","protected":false},"featured_media":2026,"comment_status":"open","ping_status":"closed","template":"","meta":[],"product_brand":[],"product_cat":[136],"product_tag":[],"class_list":{"0":"post-2025","1":"product","2":"type-product","3":"status-publish","4":"has-post-thumbnail","6":"product_cat-arica-y-parinacota","8":"first","9":"outofstock","10":"shipping-taxable","11":"product-type-simple"},"jetpack_sharing_enabled":true,"_links":{"self":[{"href":"https:\/\/lahormiguera.cl\/wp\/wp-json\/wp\/v2\/product\/2025","targetHints":{"allow":["GET"]}}],"collection":[{"href":"https:\/\/lahormiguera.cl\/wp\/wp-json\/wp\/v2\/product"}],"about":[{"href":"https:\/\/lahormiguera.cl\/wp\/wp-json\/wp\/v2\/types\/product"}],"replies":[{"embeddable":true,"href":"https:\/\/lahormiguera.cl\/wp\/wp-json\/wp\/v2\/comments?post=2025"}],"wp:featuredmedia":[{"embeddable":true,"href":"https:\/\/lahormiguera.cl\/wp\/wp-json\/wp\/v2\/media\/2026"}],"wp:attachment":[{"href":"https:\/\/lahormiguera.cl\/wp\/wp-json\/wp\/v2\/media?parent=2025"}],"wp:term":[{"taxonomy":"product_brand","embeddable":true,"href":"https:\/\/lahormiguera.cl\/wp\/wp-json\/wp\/v2\/product_brand?post=2025"},{"taxonomy":"product_cat","embeddable":true,"href":"https:\/\/lahormiguera.cl\/wp\/wp-json\/wp\/v2\/product_cat?post=2025"},{"taxonomy":"product_tag","embeddable":true,"href":"https:\/\/lahormiguera.cl\/wp\/wp-json\/wp\/v2\/product_tag?post=2025"}],"curies":[{"name":"wp","href":"https:\/\/api.w.org\/{rel}","templated":true}]}}