{"id":2158,"date":"2023-02-16T15:28:58","date_gmt":"2023-02-16T15:28:58","guid":{"rendered":"https:\/\/lahormiguera.cl\/wp\/?post_type=product&#038;p=2158"},"modified":"2023-09-05T22:52:18","modified_gmt":"2023-09-05T22:52:18","slug":"favorecer-la-calidad-de-vida-de-las-personas-en-situacion-de-discapacidad","status":"publish","type":"product","link":"https:\/\/lahormiguera.cl\/wp\/producto\/favorecer-la-calidad-de-vida-de-las-personas-en-situacion-de-discapacidad\/","title":{"rendered":"Favorecer la calidad de vida de las personas en situaci\u00f3n de discapacidad"},"content":{"rendered":"","protected":false},"excerpt":{"rendered":"<div class=\"text-wrapper cf\">\n<div class=\"columns\">\n<div class=\"small-12 medium-8 medium-centered cont_textFund\">\n<div class=\"row text_columnas\">\n<div class=\"columns small-12 medium-6\">\n<div class=\"x11i5rnm xat24cr x1mh8g0r x1vvkbs xdj266r\">\n<div dir=\"auto\">\n<div id=\"comp-l8cclbt8\" class=\"tI1Qp6 comp-l8cclbt8\">\n<div class=\"\" data-mesh-id=\"comp-l8cclbt8inlineContent\" data-testid=\"inline-content\">\n<div data-mesh-id=\"comp-l8cclbt8inlineContent-gridContainer\" data-testid=\"mesh-container-content\">\n<div id=\"comp-l8ccms7i\" class=\"KcpHeO tz5f0K comp-l8ccms7i wixui-text\" data-testid=\"richTextElement\">\n<div class=\"x11i5rnm xat24cr x1mh8g0r x1vvkbs xdj266r\">\n<div dir=\"auto\">\n<div class=\"x11i5rnm xat24cr x1mh8g0r x1vvkbs xtlvy1s\">\n<div dir=\"auto\">\n<div class=\"elementor-element elementor-element-38526f47 elementor-widget elementor-widget-text-editor\" data-id=\"38526f47\" data-element_type=\"widget\" data-widget_type=\"text-editor.default\">\n<div class=\"elementor-widget-container\">\n<div class=\"elementor-text-editor elementor-clearfix\">\n<div class=\"wpb_column vc_column_container vc_col-sm-6\">\n<div class=\"vc_column-inner vc_custom_1476886632808\">\n<div class=\"wpb_wrapper\">\n<div class=\"wpb_text_column wpb_content_element \">\n<div class=\"wpb_wrapper\">\n<p>Fundaci\u00f3n Abrazo Fraterno somos una organizaci\u00f3n de derecho privado, sin fines de lucro, que buscamos favorecer la calidad de vida de las personas en situaci\u00f3n de discapacidad, de cualquier edad, enfoc\u00e1ndonos principalmente en aquellos que se encuentran fuera del r\u00e9gimen escolar y de rehabilitaci\u00f3n en la comuna de Puente Alto.<\/p>\n<\/div>\n<\/div>\n<\/div>\n<\/div>\n<\/div>\n<div class=\"wpb_column vc_column_container vc_col-sm-6\">\n<div class=\"vc_column-inner vc_custom_1476886646388\">\n<div class=\"wpb_wrapper\">\n<div class=\"wpb_text_column wpb_content_element \">\n<div class=\"wpb_wrapper\">\n<p>Con la misma fuerza inspiradora abordamos a sus familias, las cuales presentan vulnerabilidad a nivel personal y social.<\/p>\n<\/div>\n<\/div>\n<\/div>\n<\/div>\n<\/div>\n<\/div>\n<\/div>\n<\/div>\n<div class=\"elementor-element elementor-element-73a8420 elementor-widget elementor-widget-text-editor\" data-id=\"73a8420\" data-element_type=\"widget\" data-widget_type=\"text-editor.default\">\n<div class=\"elementor-widget-container\">\n<div class=\"elementor-text-editor elementor-clearfix\">\n<p><span class=\"texto1\"><strong>Nuestra Misi\u00f3n\u00a0<\/strong>es acoger a personas con capacidades discapacidades, que adem\u00e1s viven en situaci\u00f3n vulnerabilidad. Entregar apoyo y contenci\u00f3n para que el grupo familiar se sienta valorado, aceptado e integrado a la sociedad.<\/span><\/p>\n<\/div>\n<\/div>\n<\/div>\n<\/div>\n<\/div>\n<\/div>\n<\/div>\n<div class=\"x11i5rnm xat24cr x1mh8g0r x1vvkbs xtlvy1s\">\n<div dir=\"auto\"><\/div>\n<\/div>\n<\/div>\n<\/div>\n<\/div>\n<\/div>\n<\/div>\n<\/div>\n<\/div>\n<\/div>\n<\/div>\n<\/div>\n<\/div>\n<p><strong><em>Frecuencia:\u00a0<\/em><\/strong> Todos los d\u00edas<\/p>\n<p><em><strong>Requiere apoyo de terceros:<\/strong><\/em> Si<\/p>\n<h4><strong>Vinc\u00falate en:<\/strong><\/h4>\n<p><strong><span style=\"color: #ff0000\">\u21d2 <\/span><a href=\"https:\/\/www.facebook.com\/fundabrazofraterno\">https:\/\/www.facebook.com\/fundabrazofraterno<\/a><\/strong><br \/>\n<strong><span style=\"color: #ff0000\">\u21d2 <\/span><a href=\"https:\/\/fundacionabrazofraterno.cl\/\">https:\/\/fundacionabrazofraterno.cl\/<\/a><\/strong><br \/>\n<strong><span style=\"color: #ff0000\">\u21d2 <\/span> contacto@fundacionabrazofraterno.cl <\/strong><br \/>\n<strong><span style=\"color: #ff0000\">\u21d2 <\/span> Maestro Palomo 480, Puente Alto, Santiago. Regi\u00f3n Metropolitana. Chile <\/strong><\/p>\n","protected":false},"featured_media":2159,"comment_status":"open","ping_status":"closed","template":"","meta":[],"product_brand":[],"product_cat":[145],"product_tag":[],"class_list":{"0":"post-2158","1":"product","2":"type-product","3":"status-publish","4":"has-post-thumbnail","6":"product_cat-metropolitana","8":"first","9":"outofstock","10":"shipping-taxable","11":"product-type-simple"},"jetpack_sharing_enabled":true,"_links":{"self":[{"href":"https:\/\/lahormiguera.cl\/wp\/wp-json\/wp\/v2\/product\/2158","targetHints":{"allow":["GET"]}}],"collection":[{"href":"https:\/\/lahormiguera.cl\/wp\/wp-json\/wp\/v2\/product"}],"about":[{"href":"https:\/\/lahormiguera.cl\/wp\/wp-json\/wp\/v2\/types\/product"}],"replies":[{"embeddable":true,"href":"https:\/\/lahormiguera.cl\/wp\/wp-json\/wp\/v2\/comments?post=2158"}],"wp:featuredmedia":[{"embeddable":true,"href":"https:\/\/lahormiguera.cl\/wp\/wp-json\/wp\/v2\/media\/2159"}],"wp:attachment":[{"href":"https:\/\/lahormiguera.cl\/wp\/wp-json\/wp\/v2\/media?parent=2158"}],"wp:term":[{"taxonomy":"product_brand","embeddable":true,"href":"https:\/\/lahormiguera.cl\/wp\/wp-json\/wp\/v2\/product_brand?post=2158"},{"taxonomy":"product_cat","embeddable":true,"href":"https:\/\/lahormiguera.cl\/wp\/wp-json\/wp\/v2\/product_cat?post=2158"},{"taxonomy":"product_tag","embeddable":true,"href":"https:\/\/lahormiguera.cl\/wp\/wp-json\/wp\/v2\/product_tag?post=2158"}],"curies":[{"name":"wp","href":"https:\/\/api.w.org\/{rel}","templated":true}]}}