{"id":2267,"date":"2023-02-28T14:37:56","date_gmt":"2023-02-28T14:37:56","guid":{"rendered":"https:\/\/lahormiguera.cl\/wp\/?post_type=product&#038;p=2267"},"modified":"2023-09-05T22:09:06","modified_gmt":"2023-09-05T22:09:06","slug":"formacion-musical-a-ninos-y-profesores-para-ser-agentes-inclusivos-y-de-desarrollo","status":"publish","type":"product","link":"https:\/\/lahormiguera.cl\/wp\/producto\/formacion-musical-a-ninos-y-profesores-para-ser-agentes-inclusivos-y-de-desarrollo\/","title":{"rendered":"Formaci\u00f3n musical a ni\u00f1os y profesores para ser agentes inclusivos y de desarrollo"},"content":{"rendered":"","protected":false},"excerpt":{"rendered":"<div class=\"text-wrapper cf\">\n<div class=\"columns\">\n<div class=\"small-12 medium-8 medium-centered cont_textFund\">\n<div class=\"row text_columnas\">\n<div class=\"columns small-12 medium-6\">\n<div class=\"x11i5rnm xat24cr x1mh8g0r x1vvkbs xdj266r\">\n<div dir=\"auto\">\n<div id=\"comp-l8cclbt8\" class=\"tI1Qp6 comp-l8cclbt8\">\n<div class=\"\" data-mesh-id=\"comp-l8cclbt8inlineContent\" data-testid=\"inline-content\">\n<div data-mesh-id=\"comp-l8cclbt8inlineContent-gridContainer\" data-testid=\"mesh-container-content\">\n<div id=\"comp-l8ccms7i\" class=\"KcpHeO tz5f0K comp-l8ccms7i wixui-text\" data-testid=\"richTextElement\">\n<div class=\"x11i5rnm xat24cr x1mh8g0r x1vvkbs xdj266r\">\n<div dir=\"auto\">\n<div class=\"x11i5rnm xat24cr x1mh8g0r x1vvkbs xtlvy1s\">\n<div dir=\"auto\">\n<div class=\"elementor-element elementor-element-38526f47 elementor-widget elementor-widget-text-editor\" data-id=\"38526f47\" data-element_type=\"widget\" data-widget_type=\"text-editor.default\">\n<div class=\"elementor-widget-container\">\n<div class=\"elementor-text-editor elementor-clearfix\">\n<div class=\"wpb_column vc_column_container vc_col-sm-6\">\n<div class=\"vc_column-inner vc_custom_1476886632808\">\n<div class=\"wpb_wrapper\">\n<div class=\"wpb_text_column wpb_content_element \">\n<div class=\"wpb_wrapper\">\n<div class=\"fusion-text fusion-text-1\">\n<div class=\"col-12 col-md-6\">\n<div dir=\"auto\">\n<div align=\"justify\">\n<div class=\"elementor-element elementor-element-ff54c83 elementor-widget elementor-widget-text-editor\" data-id=\"ff54c83\" data-element_type=\"widget\" data-widget_type=\"text-editor.default\">\n<div class=\"elementor-widget-container\">\n<div class=\"elementor-text-editor elementor-clearfix\">\n<p title=\"\">La Fundaci\u00f3n Cultural Papageno, es la entidad ejecutora de los proyectos musicales, educacionales y culturales. Continuadora de la Escuela de M\u00fasica Papageno, donde se imparten actualmente clases particulares de instrumentos y canto. Es parte de nuestra misi\u00f3n, educar y desarrollar aptitudes musicales por medio del amor a las artes a ni\u00f1os y j\u00f3venes. Del mismo modo, nuestros proyectos pretenden ser un agente integrador de los diversos estamentos de la sociedad por medio de la cultura.<\/p>\n<\/div>\n<\/div>\n<\/div>\n<\/div>\n<\/div>\n<\/div>\n<\/div>\n<\/div>\n<\/div>\n<\/div>\n<\/div>\n<\/div>\n<\/div>\n<\/div>\n<\/div>\n<\/div>\n<\/div>\n<\/div>\n<\/div>\n<\/div>\n<\/div>\n<\/div>\n<\/div>\n<\/div>\n<\/div>\n<\/div>\n<\/div>\n<\/div>\n<\/div>\n<\/div>\n<p><strong><em>Frecuencia:\u00a0<\/em><\/strong> Todos los d\u00edas<\/p>\n<p><em><strong>Requiere apoyo de terceros:<\/strong><\/em> No<\/p>\n<h4><strong>Vinc\u00falate en:<\/strong><\/h4>\n<p><strong><span style=\"color: #ff0000\">\u21d2 <\/span><a href=\"https:\/\/www.papageno.cl\/\">https:\/\/www.papageno.cl\/<\/a><\/strong><br \/>\n<strong><span style=\"color: #ff0000\">\u21d2 <\/span><a href=\"https:\/\/www.facebook.com\/FCpapageno\">https:\/\/www.facebook.com\/FCpapageno<\/a><\/strong><br \/>\n<strong><span style=\"color: #ff0000\">\u21d2 <\/span> contacto@papageno.cl <\/strong><br \/>\n<strong><span style=\"color: #ff0000\">\u21d2 <\/span> (45) 241 0922 <\/strong><br \/>\n<strong><span style=\"color: #ff0000\">\u21d2 <\/span> Manuel Antonio Matta 979 de Villarrica, provincia de Caut\u00edn <\/strong><\/p>\n","protected":false},"featured_media":2268,"comment_status":"open","ping_status":"closed","template":"","meta":[],"product_brand":[],"product_cat":[273],"product_tag":[],"class_list":{"0":"post-2267","1":"product","2":"type-product","3":"status-publish","4":"has-post-thumbnail","6":"product_cat-araucania","8":"first","9":"outofstock","10":"shipping-taxable","11":"product-type-simple"},"jetpack_sharing_enabled":true,"_links":{"self":[{"href":"https:\/\/lahormiguera.cl\/wp\/wp-json\/wp\/v2\/product\/2267","targetHints":{"allow":["GET"]}}],"collection":[{"href":"https:\/\/lahormiguera.cl\/wp\/wp-json\/wp\/v2\/product"}],"about":[{"href":"https:\/\/lahormiguera.cl\/wp\/wp-json\/wp\/v2\/types\/product"}],"replies":[{"embeddable":true,"href":"https:\/\/lahormiguera.cl\/wp\/wp-json\/wp\/v2\/comments?post=2267"}],"wp:featuredmedia":[{"embeddable":true,"href":"https:\/\/lahormiguera.cl\/wp\/wp-json\/wp\/v2\/media\/2268"}],"wp:attachment":[{"href":"https:\/\/lahormiguera.cl\/wp\/wp-json\/wp\/v2\/media?parent=2267"}],"wp:term":[{"taxonomy":"product_brand","embeddable":true,"href":"https:\/\/lahormiguera.cl\/wp\/wp-json\/wp\/v2\/product_brand?post=2267"},{"taxonomy":"product_cat","embeddable":true,"href":"https:\/\/lahormiguera.cl\/wp\/wp-json\/wp\/v2\/product_cat?post=2267"},{"taxonomy":"product_tag","embeddable":true,"href":"https:\/\/lahormiguera.cl\/wp\/wp-json\/wp\/v2\/product_tag?post=2267"}],"curies":[{"name":"wp","href":"https:\/\/api.w.org\/{rel}","templated":true}]}}