{"id":2325,"date":"2023-08-23T22:38:00","date_gmt":"2023-08-23T22:38:00","guid":{"rendered":"https:\/\/lahormiguera.cl\/wp\/?post_type=product&#038;p=2325"},"modified":"2023-08-30T23:23:25","modified_gmt":"2023-08-30T23:23:25","slug":"instituto-que-apoya-a-personas-que-migran-y-necesitan-ser-integradas-y-acogidas","status":"publish","type":"product","link":"https:\/\/lahormiguera.cl\/wp\/producto\/instituto-que-apoya-a-personas-que-migran-y-necesitan-ser-integradas-y-acogidas\/","title":{"rendered":"Apoyo a personas que migran y necesitan ser integradas y acogidas"},"content":{"rendered":"","protected":false},"excerpt":{"rendered":"<p>El Instituto Cat\u00f3lico Chileno de Migraci\u00f3n, INCAMI, apoya a personas que migran y necesitan ser integradas y acogidas. Esta organizaci\u00f3n sin fines de lucro nace con esp\u00edritu multicultural guiado siempre por su entrega y servicio.<\/p>\n<p>Hoy son miles los migrantes que INCAMI asesora en todo Chile para la regularizaci\u00f3n de documentos, capacitaci\u00f3n y b\u00fasqueda de empleo. Muchas empresas y organismos ya trabajan con nosotros para enriquecer su convivencia y ampliar la mirada gracias a la diversidad.<\/p>\n<p>Esta oficina se encarga de ofrecer asesor\u00eda y asistencia legal, presencial y personalizada para migrantes respecto a todo tipo de tr\u00e1mites migratorios, desde c\u00f3mo solicitar un Permiso para Trabajar, hasta la obtenci\u00f3n de la Permanencia Definitiva para su regularizaci\u00f3n en el pa\u00eds.<\/p>\n<p>Es una jornada de atenci\u00f3n en terreno donde acercamos la asesor\u00eda jur\u00eddica migratoria de forma gratuita a las personas migrantes que consultan por visas, regularizaci\u00f3n en general y tr\u00e1mites migratorios en PDI y Extranjer\u00eda.<\/p>\n<p><strong><em>Frecuencia:\u00a0<\/em><\/strong> <span style=\"font-weight: 400\">Diaria<\/span><\/p>\n<p><em><strong>Requiere apoyo de terceros:<\/strong><\/em> Si<\/p>\n<h4><strong>Vinc\u00falate en:<\/strong><\/h4>\n<p><strong><span style=\"color: #ff0000\">\u21d2 <\/span><a href=\"https:\/\/incami.cl\/\">https:\/\/incami.cl\/<\/a><\/strong><br \/>\n<strong><span style=\"color: #ff0000\">\u21d2 <\/span><a href=\"https:\/\/www.facebook.com\/incami\/?locale=es_LA\">https:\/\/www.facebook.com\/incami\/?locale=es_LA<\/a><\/strong><br \/>\n<strong><span style=\"color: #ff0000\">\u21d2 <\/span><a href=\"https:\/\/www.instagram.com\/incamichile\/?hl=es\">https:\/\/www.instagram.com\/incamichile\/?hl=es<\/a><\/strong><br \/>\n<strong><span style=\"color: #ff0000\">\u21d2 <\/span><\/strong><strong>(2) 2222 6698<\/strong><br \/>\n<strong><span style=\"color: #ff0000\">\u21d2 <\/span>Av. Bustamante 180, Providencia, Chile<\/strong><\/p>\n","protected":false},"featured_media":2326,"comment_status":"open","ping_status":"closed","template":"","meta":[],"product_brand":[],"product_cat":[20],"product_tag":[],"class_list":{"0":"post-2325","1":"product","2":"type-product","3":"status-publish","4":"has-post-thumbnail","6":"product_cat-todo-chile","8":"first","9":"outofstock","10":"shipping-taxable","11":"product-type-simple"},"jetpack_sharing_enabled":true,"_links":{"self":[{"href":"https:\/\/lahormiguera.cl\/wp\/wp-json\/wp\/v2\/product\/2325","targetHints":{"allow":["GET"]}}],"collection":[{"href":"https:\/\/lahormiguera.cl\/wp\/wp-json\/wp\/v2\/product"}],"about":[{"href":"https:\/\/lahormiguera.cl\/wp\/wp-json\/wp\/v2\/types\/product"}],"replies":[{"embeddable":true,"href":"https:\/\/lahormiguera.cl\/wp\/wp-json\/wp\/v2\/comments?post=2325"}],"wp:featuredmedia":[{"embeddable":true,"href":"https:\/\/lahormiguera.cl\/wp\/wp-json\/wp\/v2\/media\/2326"}],"wp:attachment":[{"href":"https:\/\/lahormiguera.cl\/wp\/wp-json\/wp\/v2\/media?parent=2325"}],"wp:term":[{"taxonomy":"product_brand","embeddable":true,"href":"https:\/\/lahormiguera.cl\/wp\/wp-json\/wp\/v2\/product_brand?post=2325"},{"taxonomy":"product_cat","embeddable":true,"href":"https:\/\/lahormiguera.cl\/wp\/wp-json\/wp\/v2\/product_cat?post=2325"},{"taxonomy":"product_tag","embeddable":true,"href":"https:\/\/lahormiguera.cl\/wp\/wp-json\/wp\/v2\/product_tag?post=2325"}],"curies":[{"name":"wp","href":"https:\/\/api.w.org\/{rel}","templated":true}]}}