{"id":2344,"date":"2023-08-28T21:43:56","date_gmt":"2023-08-28T21:43:56","guid":{"rendered":"https:\/\/lahormiguera.cl\/wp\/?post_type=product&#038;p=2344"},"modified":"2023-10-31T17:42:55","modified_gmt":"2023-10-31T17:42:55","slug":"trabajamos-por-la-cultura-ambiental-y-la-economia-circular","status":"publish","type":"product","link":"https:\/\/lahormiguera.cl\/wp\/producto\/trabajamos-por-la-cultura-ambiental-y-la-economia-circular\/","title":{"rendered":"Trabajamos por la cultura ambiental y la econom\u00eda circular"},"content":{"rendered":"","protected":false},"excerpt":{"rendered":"<p><span style=\"font-weight: 400;\">Kyklos Chile es una empresa B que impulsa la cultura ambiental y la econom\u00eda circular en organizaciones, colegios, empresas, municipios y comunidades. Trabajamos de manera colaborativa, para entregar soluciones integrales y de alto impacto que se ajusten a la realidad y necesidades de cada cliente.<\/span><\/p>\n<p><span style=\"font-weight: 400;\">Entre algunos de los servicios que ofrecemos, realizamos Asesor\u00edas, donde acompa\u00f1amos el desarrollo de estrategias, planes de trabajo y proyectos de econom\u00eda circula<\/span><span style=\"font-weight: 400;\">r para avanzar en sostenibilidad y pol\u00edticas ESG con foco socio-ambiental. Adem\u00e1s, nos dedicamos a la <\/span><span style=\"font-weight: 400;\">Educaci\u00f3n, capacitaci\u00f3n y experiencias, donde desarrollamos <\/span><span style=\"font-weight: 400;\">planes de cultura ambiental para entender e interiorizar conceptos que movilicen hacia una cultura sostenible con las personas y su entorno. Trabajamos de la mano de organizaciones p\u00fablicas, privadas y establecimientos educacionales.<\/span><\/p>\n<p><span style=\"font-weight: 400;\">Desarrollamos programas de econom\u00eda circular, conectando a empresas, organizaciones, municipios y actores locales, con el objetivo de trabajar colaborativamente en la soluci\u00f3n de problem\u00e1ticas socio-ambientales de un territorio.<\/span><\/p>\n<p><strong><em>Frecuencia:\u00a0<\/em><\/strong> <span style=\"font-weight: 400;\">Domingos<\/span><\/p>\n<p><em><strong>Requiere apoyo de terceros:<\/strong><\/em>\u00a0 No<\/p>\n<h4><strong>Vinc\u00falate en:<\/strong><\/h4>\n<p><strong><span style=\"color: #ff0000;\">\u21d2 <\/span><a href=\"https:\/\/kyklos.cl\/\">https:\/\/kyklos.cl\/<\/a><\/strong><br \/>\n<strong><span style=\"color: #ff0000;\">\u21d2 <\/span><a href=\"https:\/\/www.facebook.com\/KyklosChile\/\">https:\/\/www.facebook.com\/KyklosChile\/<\/a><\/strong><br \/>\n<strong><span style=\"color: #ff0000;\">\u21d2 <\/span><a href=\"https:\/\/www.instagram.com\/kykloschile\/?hl=es\">https:\/\/www.instagram.com\/kykloschile\/?hl=es<\/a><\/strong><br \/>\n<strong><span style=\"color: #ff0000;\">\u21d2 <\/span><a href=\"https:\/\/www.linkedin.com\/company\/kyklos\/\">https:\/\/www.linkedin.com\/company\/kyklos\/<\/a><\/strong><\/p>\n<p><strong><span style=\"color: #ff0000;\">\u21d2 <\/span>Rom\u00e1n Diaz 177, Santiago, Chile<\/strong><br \/>\n<strong><span style=\"color: #ff0000;\">\u21d2 <\/span>comunicaciones@kyklos.cl<br \/>\n<\/strong><\/p>\n","protected":false},"featured_media":2345,"comment_status":"open","ping_status":"closed","template":"","meta":[],"product_brand":[],"product_cat":[145],"product_tag":[],"class_list":{"0":"post-2344","1":"product","2":"type-product","3":"status-publish","4":"has-post-thumbnail","6":"product_cat-metropolitana","8":"first","9":"outofstock","10":"shipping-taxable","11":"product-type-simple"},"jetpack_sharing_enabled":true,"_links":{"self":[{"href":"https:\/\/lahormiguera.cl\/wp\/wp-json\/wp\/v2\/product\/2344","targetHints":{"allow":["GET"]}}],"collection":[{"href":"https:\/\/lahormiguera.cl\/wp\/wp-json\/wp\/v2\/product"}],"about":[{"href":"https:\/\/lahormiguera.cl\/wp\/wp-json\/wp\/v2\/types\/product"}],"replies":[{"embeddable":true,"href":"https:\/\/lahormiguera.cl\/wp\/wp-json\/wp\/v2\/comments?post=2344"}],"wp:featuredmedia":[{"embeddable":true,"href":"https:\/\/lahormiguera.cl\/wp\/wp-json\/wp\/v2\/media\/2345"}],"wp:attachment":[{"href":"https:\/\/lahormiguera.cl\/wp\/wp-json\/wp\/v2\/media?parent=2344"}],"wp:term":[{"taxonomy":"product_brand","embeddable":true,"href":"https:\/\/lahormiguera.cl\/wp\/wp-json\/wp\/v2\/product_brand?post=2344"},{"taxonomy":"product_cat","embeddable":true,"href":"https:\/\/lahormiguera.cl\/wp\/wp-json\/wp\/v2\/product_cat?post=2344"},{"taxonomy":"product_tag","embeddable":true,"href":"https:\/\/lahormiguera.cl\/wp\/wp-json\/wp\/v2\/product_tag?post=2344"}],"curies":[{"name":"wp","href":"https:\/\/api.w.org\/{rel}","templated":true}]}}