{"id":2360,"date":"2023-09-01T22:16:24","date_gmt":"2023-09-01T22:16:24","guid":{"rendered":"https:\/\/lahormiguera.cl\/wp\/?post_type=product&#038;p=2360"},"modified":"2023-10-31T18:09:11","modified_gmt":"2023-10-31T18:09:11","slug":"formacion-laboral-para-jovenes-con-discapacidad-intelectual","status":"publish","type":"product","link":"https:\/\/lahormiguera.cl\/wp\/producto\/formacion-laboral-para-jovenes-con-discapacidad-intelectual\/","title":{"rendered":"Formaci\u00f3n laboral para  j\u00f3venes con discapacidad intelectual"},"content":{"rendered":"","protected":false},"excerpt":{"rendered":"<p><span style=\"font-weight: 400;\">La corporaci\u00f3n educacional UNPADE, es un Centro de formaci\u00f3n laboral cuya labor es la de capacitar en el desarrolla competencias laborales a j\u00f3venes con discapacidad intelectual, para poder ser insertados en el mundo laboral en el cual tienen nulas o pocas oportunidades, debido a la insuficiente conciencia social que tiene nuestra sociedad, y las escasas oportunidades laborales que se les ofrece ,sin embargo nuestros docentes se esmeran en desarrollar al m\u00e1ximo sus capacidades, para ofrecer algunas oportunidades laborales, y una mejor calidad de vida a trav\u00e9s de la inclusi\u00f3n, dentro de la comunidad y b\u00fasqueda de oportunidades laborales<\/span><\/p>\n<p><span style=\"font-weight: 400;\">El taller de capacitaci\u00f3n laboral, cuenta con redes de apoyo como: JUNAEB y su programa de Atenci\u00f3n alimenticia, SENDA, CESFAM nororiente, Carabineros Santiago Bueras, PDI, Universidad de Concepci\u00f3n, Universidad Santo Tom\u00e1s, Instituto Virginio G\u00f3mez, Organizaci\u00f3n Desaf\u00edo Levantemos Chile, Olimpiadas Especiales Chile y Bio Bio, Municipalidad de Los \u00c1ngeles<\/span><\/p>\n<p><span style=\"font-weight: 400;\">Sonrisas de UNPADE, es una micro empresa, a trav\u00e9s de la cual los j\u00f3venes con discapacidad intelectual realizan y venden productos de publicidad, gastronom\u00eda y artesan\u00eda, con fines comerciales.<\/span><\/p>\n<p><strong><em>Frecuencia:\u00a0<\/em><\/strong> Ocasional<\/p>\n<p><em><strong>Requiere apoyo de terceros:<\/strong><\/em>\u00a0 Si<\/p>\n<h4><strong>Vinc\u00falate en:<\/strong><\/h4>\n<p><strong><span style=\"color: #ff0000;\">\u21d2 <\/span><a href=\"https:\/\/unpadela.cl\/quienes-somos\/\">https:\/\/unpadela.cl\/quienes-somos\/<\/a><\/strong><br \/>\n<strong><span style=\"color: #ff0000;\">\u21d2 <\/span><a href=\"https:\/\/www.facebook.com\/sonrisas.deunpade\">https:\/\/www.facebook.com\/sonrisas.deunpade<\/a><\/strong><br \/>\n<strong><span style=\"color: #ff0000;\">\u21d2 <\/span><a href=\"https:\/\/www.instagram.com\/unpadelosangeles\">https:\/\/www.instagram.com\/unpadelosangeles<\/a><\/strong><\/p>\n<p><strong><span style=\"color: #ff0000;\">\u21d2 <\/span>56936920007<\/strong><br \/>\n<strong><span style=\"color: #ff0000;\">\u21d2 <\/span>contacto@unpadela.cl<\/strong><br \/>\n<strong><span style=\"color: #ff0000;\">\u21d2 <\/span>Santiago 850, Poblaci\u00f3n Santiago Bueras, Los \u00c1ngeles<\/strong><\/p>\n","protected":false},"featured_media":2361,"comment_status":"open","ping_status":"closed","template":"","meta":[],"product_brand":[],"product_cat":[180],"product_tag":[],"class_list":{"0":"post-2360","1":"product","2":"type-product","3":"status-publish","4":"has-post-thumbnail","6":"product_cat-bio-bio","8":"first","9":"outofstock","10":"shipping-taxable","11":"product-type-simple"},"jetpack_sharing_enabled":true,"_links":{"self":[{"href":"https:\/\/lahormiguera.cl\/wp\/wp-json\/wp\/v2\/product\/2360","targetHints":{"allow":["GET"]}}],"collection":[{"href":"https:\/\/lahormiguera.cl\/wp\/wp-json\/wp\/v2\/product"}],"about":[{"href":"https:\/\/lahormiguera.cl\/wp\/wp-json\/wp\/v2\/types\/product"}],"replies":[{"embeddable":true,"href":"https:\/\/lahormiguera.cl\/wp\/wp-json\/wp\/v2\/comments?post=2360"}],"wp:featuredmedia":[{"embeddable":true,"href":"https:\/\/lahormiguera.cl\/wp\/wp-json\/wp\/v2\/media\/2361"}],"wp:attachment":[{"href":"https:\/\/lahormiguera.cl\/wp\/wp-json\/wp\/v2\/media?parent=2360"}],"wp:term":[{"taxonomy":"product_brand","embeddable":true,"href":"https:\/\/lahormiguera.cl\/wp\/wp-json\/wp\/v2\/product_brand?post=2360"},{"taxonomy":"product_cat","embeddable":true,"href":"https:\/\/lahormiguera.cl\/wp\/wp-json\/wp\/v2\/product_cat?post=2360"},{"taxonomy":"product_tag","embeddable":true,"href":"https:\/\/lahormiguera.cl\/wp\/wp-json\/wp\/v2\/product_tag?post=2360"}],"curies":[{"name":"wp","href":"https:\/\/api.w.org\/{rel}","templated":true}]}}