{"id":2450,"date":"2023-09-25T17:42:19","date_gmt":"2023-09-25T17:42:19","guid":{"rendered":"https:\/\/lahormiguera.cl\/wp\/?post_type=product&#038;p=2450"},"modified":"2023-10-26T13:13:55","modified_gmt":"2023-10-26T13:13:55","slug":"disminuir-la-desigualdad-de-oportunidades-frente-al-cancer","status":"publish","type":"product","link":"https:\/\/lahormiguera.cl\/wp\/producto\/disminuir-la-desigualdad-de-oportunidades-frente-al-cancer\/","title":{"rendered":"Disminuir la desigualdad de oportunidades frente al c\u00e1ncer"},"content":{"rendered":"","protected":false},"excerpt":{"rendered":"<p>Chilesinc\u00e1ncer es una instituci\u00f3n privada sin fines de lucro que busca disminuir la desigualdad de oportunidades frente al c\u00e1ncer. La fundaci\u00f3n articula alianzas p\u00fablico-privadas para entregar mejores oportunidades de diagn\u00f3stico y tratamiento frente al c\u00e1ncer para los adultos atendidos en el sistema p\u00fablico de salud. Busca potenciar el sistema p\u00fablico de salud, implementar modelos de gesti\u00f3n eficientes, fomentar la investigaci\u00f3n y capacitaci\u00f3n con respecto al c\u00e1ncer en Chile.<\/p>\n<p><strong><em>Frecuencia:\u00a0<\/em><\/strong> Diario<\/p>\n<p><em><strong>Requiere apoyo de terceros:<\/strong><\/em>\u00a0 Si<\/p>\n<h4><strong>Vinc\u00falate en:<\/strong><\/h4>\n<p><strong><span style=\"color: #ff0000;\">\u21d2 <a href=\"https:\/\/www.chilesincancer.cl\/\">https:\/\/www.chilesincancer.cl\/<\/a><\/span><\/strong><br \/>\n<strong><span style=\"color: #ff0000;\">\u21d2<a href=\"https:\/\/www.facebook.com\/chilesincancer\"> https:\/\/www.facebook.com\/chilesincancer<\/a><\/span><\/strong><br \/>\n<strong><span style=\"color: #ff0000;\">\u21d2 <a href=\"https:\/\/www.linkedin.com\/company\/fundaci%C3%B3n-chilesinc%C3%A1ncer\/?originalSubdomain=cl\">https:\/\/www.linkedin.com\/company\/fundaci%C3%B3n-chilesinc%C3%A1ncer\/?originalSubdomain=cl<\/a><\/span><br \/>\n<span style=\"color: #ff0000;\">\u21d2 <a href=\"https:\/\/www.instagram.com\/chilesincancer\/\">https:\/\/www.instagram.com\/chilesincancer\/<\/a><br \/>\n\u21d2 <a href=\"https:\/\/www.youtube.com\/channel\/UChQ6Td90UMpLtD6L6sQSOEg\">https:\/\/www.youtube.com\/channel\/UChQ6Td90UMpLtD6L6sQSOEg<\/a><\/span><br \/>\n<\/strong><\/p>\n<p><strong><span style=\"color: #ff0000;\">\u21d2 <\/span>Email: <i class=\"fas fa-envelope-open\" aria-hidden=\"true\"><\/i><span class=\"elementor-icon-list-text\">info@chilesincancer.cl<\/span><\/strong><\/p>\n","protected":false},"featured_media":2575,"comment_status":"open","ping_status":"closed","template":"","meta":[],"product_brand":[],"product_cat":[20],"product_tag":[],"class_list":{"0":"post-2450","1":"product","2":"type-product","3":"status-publish","4":"has-post-thumbnail","6":"product_cat-todo-chile","8":"first","9":"outofstock","10":"shipping-taxable","11":"product-type-simple"},"jetpack_sharing_enabled":true,"_links":{"self":[{"href":"https:\/\/lahormiguera.cl\/wp\/wp-json\/wp\/v2\/product\/2450","targetHints":{"allow":["GET"]}}],"collection":[{"href":"https:\/\/lahormiguera.cl\/wp\/wp-json\/wp\/v2\/product"}],"about":[{"href":"https:\/\/lahormiguera.cl\/wp\/wp-json\/wp\/v2\/types\/product"}],"replies":[{"embeddable":true,"href":"https:\/\/lahormiguera.cl\/wp\/wp-json\/wp\/v2\/comments?post=2450"}],"wp:featuredmedia":[{"embeddable":true,"href":"https:\/\/lahormiguera.cl\/wp\/wp-json\/wp\/v2\/media\/2575"}],"wp:attachment":[{"href":"https:\/\/lahormiguera.cl\/wp\/wp-json\/wp\/v2\/media?parent=2450"}],"wp:term":[{"taxonomy":"product_brand","embeddable":true,"href":"https:\/\/lahormiguera.cl\/wp\/wp-json\/wp\/v2\/product_brand?post=2450"},{"taxonomy":"product_cat","embeddable":true,"href":"https:\/\/lahormiguera.cl\/wp\/wp-json\/wp\/v2\/product_cat?post=2450"},{"taxonomy":"product_tag","embeddable":true,"href":"https:\/\/lahormiguera.cl\/wp\/wp-json\/wp\/v2\/product_tag?post=2450"}],"curies":[{"name":"wp","href":"https:\/\/api.w.org\/{rel}","templated":true}]}}