{"id":2456,"date":"2023-09-29T21:11:09","date_gmt":"2023-09-29T21:11:09","guid":{"rendered":"https:\/\/lahormiguera.cl\/wp\/?post_type=product&#038;p=2456"},"modified":"2023-10-26T17:35:49","modified_gmt":"2023-10-26T17:35:49","slug":"acercamos-amigablemente-el-mundo-laboral-a-universitarixs","status":"publish","type":"product","link":"https:\/\/lahormiguera.cl\/wp\/producto\/acercamos-amigablemente-el-mundo-laboral-a-universitarixs\/","title":{"rendered":"Acercamos amigablemente el mundo laboral a universitarixs"},"content":{"rendered":"","protected":false},"excerpt":{"rendered":"<p><span style=\"font-weight: 400;\">En UWork buscamos acercar el mundo laboral a los alumnos universitarios de una manera f\u00e1cil y amigable, entreg\u00e1ndoles oportunidades de desarrollo, capacitaci\u00f3n y experiencia real en el d\u00eda a d\u00eda.<\/span><\/p>\n<p><span style=\"font-weight: 400;\">Esto lo hacemos generando un match entre sus tiempos libres y aquellos trabajos que se adecuan mejor a sus capacidades y fortalezas, logrando compatibilizar de manera arm\u00f3nica trabajo y estudio, agregando valor en su desarrollo como futuros profesionales y d\u00e1ndoles la oportunidad de juntar dinero para aquello que requieran.<\/span><\/p>\n<p><strong><em>Frecuencia:\u00a0<\/em><\/strong><span style=\"font-weight: 400;\">Diario<\/span><\/p>\n<p><em><strong>Requiere apoyo de terceros:<\/strong><\/em>\u00a0 Si<\/p>\n<h4><strong>Vinc\u00falate en:<\/strong><\/h4>\n<p><strong><span style=\"color: #ff0000;\">\u21d2 <\/span><a href=\"https:\/\/u-work.org\/\">https:\/\/u-work.org\/<\/a><\/strong><br \/>\n<strong><span style=\"color: #ff0000;\">\u21d2 <\/span><a href=\"https:\/\/www.linkedin.com\/company\/uworkchile\/?originalSubdomain\">https:\/\/www.linkedin.com\/company\/uworkchile\/?originalSubdomain<\/a><\/strong><br \/>\n<strong><span style=\"color: #ff0000;\">\u21d2 <\/span><a href=\"https:\/\/www.instagram.com\/uworkcl\/\">https:\/\/www.instagram.com\/uworkcl\/<\/a><\/strong><\/p>\n<p><strong><span style=\"color: #ff0000;\">\u21d2 <\/span>Monse\u00f1or \u00c1lvaro del Portillo 12455, Santiago de Chile<\/strong><br \/>\n<strong><span style=\"color: #ff0000;\">\u21d2 <\/span>Tel\u00e9fono: +569 8854 7069<\/strong><br \/>\n<strong><span style=\"color: #ff0000;\">\u21d2 <\/span>contacto@u-work.org<\/strong><\/p>\n","protected":false},"featured_media":2588,"comment_status":"open","ping_status":"closed","template":"","meta":[],"product_brand":[],"product_cat":[145],"product_tag":[],"class_list":{"0":"post-2456","1":"product","2":"type-product","3":"status-publish","4":"has-post-thumbnail","6":"product_cat-metropolitana","8":"first","9":"outofstock","10":"shipping-taxable","11":"product-type-simple"},"jetpack_sharing_enabled":true,"_links":{"self":[{"href":"https:\/\/lahormiguera.cl\/wp\/wp-json\/wp\/v2\/product\/2456","targetHints":{"allow":["GET"]}}],"collection":[{"href":"https:\/\/lahormiguera.cl\/wp\/wp-json\/wp\/v2\/product"}],"about":[{"href":"https:\/\/lahormiguera.cl\/wp\/wp-json\/wp\/v2\/types\/product"}],"replies":[{"embeddable":true,"href":"https:\/\/lahormiguera.cl\/wp\/wp-json\/wp\/v2\/comments?post=2456"}],"wp:featuredmedia":[{"embeddable":true,"href":"https:\/\/lahormiguera.cl\/wp\/wp-json\/wp\/v2\/media\/2588"}],"wp:attachment":[{"href":"https:\/\/lahormiguera.cl\/wp\/wp-json\/wp\/v2\/media?parent=2456"}],"wp:term":[{"taxonomy":"product_brand","embeddable":true,"href":"https:\/\/lahormiguera.cl\/wp\/wp-json\/wp\/v2\/product_brand?post=2456"},{"taxonomy":"product_cat","embeddable":true,"href":"https:\/\/lahormiguera.cl\/wp\/wp-json\/wp\/v2\/product_cat?post=2456"},{"taxonomy":"product_tag","embeddable":true,"href":"https:\/\/lahormiguera.cl\/wp\/wp-json\/wp\/v2\/product_tag?post=2456"}],"curies":[{"name":"wp","href":"https:\/\/api.w.org\/{rel}","templated":true}]}}