{"id":2460,"date":"2023-09-29T22:32:02","date_gmt":"2023-09-29T22:32:02","guid":{"rendered":"https:\/\/lahormiguera.cl\/wp\/?post_type=product&#038;p=2460"},"modified":"2023-10-26T18:37:06","modified_gmt":"2023-10-26T18:37:06","slug":"acompanamos-a-las-victimas-de-siniestros-y-delitos-viales","status":"publish","type":"product","link":"https:\/\/lahormiguera.cl\/wp\/producto\/acompanamos-a-las-victimas-de-siniestros-y-delitos-viales\/","title":{"rendered":"Acompa\u00f1amos a las v\u00edctimas de siniestros y delitos viales"},"content":{"rendered":"","protected":false},"excerpt":{"rendered":"<p><span style=\"font-weight: 400;\">Fundaci\u00f3n Emilia, una de nuestras principales tareas es prestar ayuda psicol\u00f3gica y orientaci\u00f3n jur\u00eddica de manera gratuita a v\u00edctimas directas o indirectas de un siniestro vial. <\/span><span style=\"font-weight: 400;\">Desde 2014, hemos ayudado a m\u00e1s de 6000 v\u00edctimas de siniestros viales.<\/span><\/p>\n<p><span style=\"font-weight: 400;\">Nuestros objetivos son acompa\u00f1ar a las v\u00edctimas y sus entornos familiares de afectados por delitos vinculados a la Ley Emilia, buscando entregar un apoyo: personal, psicol\u00f3gico y jur\u00eddico.<\/span><\/p>\n<p><span style=\"font-weight: 400;\">Desarrollar campa\u00f1as de sensibilizaci\u00f3n y educaci\u00f3n, que permitan fomentar una ciudadan\u00eda m\u00e1s consciente y responsable de su comportamiento en la plaza p\u00fablica. Desarrollar investigaci\u00f3n, la cual permita plantear pol\u00edticas p\u00fablicas, gesti\u00f3n ciudadana y cambios legislativos, instancias vinculadas con la formaci\u00f3n y educaci\u00f3n del comportamiento en la plaza p\u00fablica.<\/span><\/p>\n<p><span style=\"font-weight: 400;\">Nacemos como fundaci\u00f3n para cumplir estos objetivos en un pa\u00eds donde cualquiera de nosotros y\/o nuestros familiares o amigos pueden ser v\u00edctimas o victimarios, donde el futuro de muchos de nuestros compatriotas depende de la conducta que cada uno asuma frente a este tema y por lo tanto corresponde a un desaf\u00edo de enormes proporciones<\/span><\/p>\n<p><strong><em>Frecuencia:\u00a0<\/em><\/strong><span style=\"font-weight: 400;\">Diario<\/span><\/p>\n<p><em><strong>Requiere apoyo de terceros:<\/strong><\/em>\u00a0 Si<\/p>\n<h4><strong>Vinc\u00falate en:<\/strong><\/h4>\n<p><strong><span style=\"color: #ff0000;\">\u21d2 <\/span><a href=\"https:\/\/www.fundacionemilia.cl\/\">https:\/\/www.fundacionemilia.cl\/<\/a><\/strong><br \/>\n<strong><span style=\"color: #ff0000;\">\u21d2 <\/span><a href=\"https:\/\/www.linkedin.com\/company\/fundaci%C3%B3n-emilia-silva-figueroa\/?originalSubdomain=cl\">https:\/\/www.linkedin.com\/company\/fundaci%C3%B3n-emilia-silva-figueroa\/?originalSubdomain=cl<\/a><\/strong><br \/>\n<strong><span style=\"color: #ff0000;\">\u21d2 <\/span><a href=\"https:\/\/twitter.com\/fundacionemilia\">https:\/\/twitter.com\/fundacionemilia<\/a><\/strong><br \/>\n<strong><span style=\"color: #ff0000;\">\u21d2 <\/span><a href=\"https:\/\/www.facebook.com\/FundacionEmiliachile\">https:\/\/www.facebook.com\/FundacionEmiliachile<\/a><\/strong><br \/>\n<strong><span style=\"color: #ff0000;\">\u21d2 <\/span><a href=\"https:\/\/www.instagram.com\/fundacionemilia\/\">https:\/\/www.instagram.com\/fundacionemilia\/<\/a><\/strong><\/p>\n<p><strong><span style=\"color: #ff0000;\">\u21d2 <\/span>contacto@fundacionemilia.cl<\/strong><\/p>\n","protected":false},"featured_media":2595,"comment_status":"open","ping_status":"closed","template":"","meta":[],"product_brand":[],"product_cat":[20],"product_tag":[],"class_list":{"0":"post-2460","1":"product","2":"type-product","3":"status-publish","4":"has-post-thumbnail","6":"product_cat-todo-chile","8":"first","9":"outofstock","10":"shipping-taxable","11":"product-type-simple"},"jetpack_sharing_enabled":true,"_links":{"self":[{"href":"https:\/\/lahormiguera.cl\/wp\/wp-json\/wp\/v2\/product\/2460","targetHints":{"allow":["GET"]}}],"collection":[{"href":"https:\/\/lahormiguera.cl\/wp\/wp-json\/wp\/v2\/product"}],"about":[{"href":"https:\/\/lahormiguera.cl\/wp\/wp-json\/wp\/v2\/types\/product"}],"replies":[{"embeddable":true,"href":"https:\/\/lahormiguera.cl\/wp\/wp-json\/wp\/v2\/comments?post=2460"}],"wp:featuredmedia":[{"embeddable":true,"href":"https:\/\/lahormiguera.cl\/wp\/wp-json\/wp\/v2\/media\/2595"}],"wp:attachment":[{"href":"https:\/\/lahormiguera.cl\/wp\/wp-json\/wp\/v2\/media?parent=2460"}],"wp:term":[{"taxonomy":"product_brand","embeddable":true,"href":"https:\/\/lahormiguera.cl\/wp\/wp-json\/wp\/v2\/product_brand?post=2460"},{"taxonomy":"product_cat","embeddable":true,"href":"https:\/\/lahormiguera.cl\/wp\/wp-json\/wp\/v2\/product_cat?post=2460"},{"taxonomy":"product_tag","embeddable":true,"href":"https:\/\/lahormiguera.cl\/wp\/wp-json\/wp\/v2\/product_tag?post=2460"}],"curies":[{"name":"wp","href":"https:\/\/api.w.org\/{rel}","templated":true}]}}