{"id":2489,"date":"2023-10-16T02:41:42","date_gmt":"2023-10-16T02:41:42","guid":{"rendered":"https:\/\/lahormiguera.cl\/wp\/?post_type=product&#038;p=2489"},"modified":"2023-11-02T13:27:27","modified_gmt":"2023-11-02T13:27:27","slug":"acompanamos-organizaciones-y-personas-a-lograr-sus-propositos","status":"publish","type":"product","link":"https:\/\/lahormiguera.cl\/wp\/producto\/acompanamos-organizaciones-y-personas-a-lograr-sus-propositos\/","title":{"rendered":"Acompa\u00f1amos organizaciones y personas a lograr sus prop\u00f3sitos"},"content":{"rendered":"","protected":false},"excerpt":{"rendered":"<p><span style=\"font-weight: 400;\">Sim\u00f3n de Cirene es una corporaci\u00f3n dedicada a acompa\u00f1ar a organizaciones y personas a lograr sus prop\u00f3sitos promoviendo una buena gesti\u00f3n y construyendo v\u00ednculos entre diversos mundos.<\/span><\/p>\n<p><span style=\"font-weight: 400;\">Colaboramos con emprendedores, organizaciones sociales y comunidades a lograr sus prop\u00f3sitos entregando herramientas de gesti\u00f3n a trav\u00e9s de capacitaciones y distintas formas de acompa\u00f1amiento personalizado y grupal a lo largo de todo Chile.<\/span><\/p>\n<p><span style=\"font-weight: 400;\">Apuntamos a la mejora en la gesti\u00f3n de emprendimientos, micro y peque\u00f1as empresas, acompa\u00f1ando a personas con ideas de negocio o negocios en funcionamiento que buscan crecer y dar un salto en su gesti\u00f3n y propuesta de valor. Confiamos en el emprendimiento tradicional y en su capacidad de desarrollar la econom\u00eda local.<\/span><\/p>\n<p><span style=\"font-weight: 400;\">Apuntamos a la mejora en la gesti\u00f3n de organizaciones sin fines de lucro del pa\u00eds, acompa\u00f1ando a organizaciones sociales y comunitarias que buscan cambiar sus realidades locales. Somos un aliado en la mejora de su gesti\u00f3n y en la entrega de sus servicios.<\/span><\/p>\n<p><span style=\"font-weight: 400;\">Estamos convencidos de que es posible y necesario generar puentes y v\u00ednculos de confianza entre la empresa y su comunidad. Entendemos la empresa como un vecino m\u00e1s que con nuestro apoyo, promueve y desarrolla programas comunitarios que se levantan considerando la visi\u00f3n de todos los rincones de un territorio.<\/span><\/p>\n<p><strong><em>Frecuencia: <\/em><\/strong><span style=\"font-weight: 400;\">Todos los d\u00edas<\/span><\/p>\n<p><em><strong>Requiere apoyo de terceros:<\/strong><\/em>\u00a0 Si<\/p>\n<h4><strong>Vinc\u00falate en:<\/strong><\/h4>\n<p><strong><span style=\"color: #ff0000;\">\u21d2 <\/span><a href=\"https:\/\/simondecirene.cl\/\">https:\/\/simondecirene.cl\/<\/a><\/strong><br \/>\n<strong><span style=\"color: #ff0000;\">\u21d2 <\/span><a href=\"https:\/\/www.linkedin.com\/company\/simondecirene\/\">https:\/\/www.linkedin.com\/company\/simondecirene\/<\/a><\/strong><br \/>\n<strong><span style=\"color: #ff0000;\">\u21d2 <\/span><a href=\"https:\/\/twitter.com\/Simon_Cirene\">https:\/\/twitter.com\/Simon_Cirene<\/a><\/strong><br \/>\n<strong><span style=\"color: #ff0000;\">\u21d2 <\/span><a href=\"https:\/\/www.facebook.com\/SimondeCireneCL\">https:\/\/www.facebook.com\/SimondeCireneCL<\/a><\/strong><br \/>\n<strong><span style=\"color: #ff0000;\">\u21d2 <\/span><a href=\"https:\/\/www.instagram.com\/simondecirene\/?hl=es-la\">https:\/\/www.instagram.com\/simondecirene\/?hl=es-la<\/a><\/strong><br \/>\n<strong><span style=\"color: #ff0000;\">\u21d2 <\/span><a href=\"https:\/\/www.tiktok.com\/@simondecirene\">https:\/\/www.tiktok.com\/@simondecirene<\/a><\/strong><\/p>\n<p><strong><span style=\"color: #ff0000;\">\u21d2 <\/span>Av. El Bosque Norte 0440, Of. 901, Las Condes.<\/strong><br \/>\n<strong><span style=\"color: #ff0000;\">\u21d2 <\/span>comunicaciones@simondecirene.cl<\/strong><\/p>\n","protected":false},"featured_media":2639,"comment_status":"open","ping_status":"closed","template":"","meta":[],"product_brand":[],"product_cat":[20],"product_tag":[],"class_list":{"0":"post-2489","1":"product","2":"type-product","3":"status-publish","4":"has-post-thumbnail","6":"product_cat-todo-chile","8":"first","9":"outofstock","10":"shipping-taxable","11":"product-type-simple"},"jetpack_sharing_enabled":true,"_links":{"self":[{"href":"https:\/\/lahormiguera.cl\/wp\/wp-json\/wp\/v2\/product\/2489","targetHints":{"allow":["GET"]}}],"collection":[{"href":"https:\/\/lahormiguera.cl\/wp\/wp-json\/wp\/v2\/product"}],"about":[{"href":"https:\/\/lahormiguera.cl\/wp\/wp-json\/wp\/v2\/types\/product"}],"replies":[{"embeddable":true,"href":"https:\/\/lahormiguera.cl\/wp\/wp-json\/wp\/v2\/comments?post=2489"}],"wp:featuredmedia":[{"embeddable":true,"href":"https:\/\/lahormiguera.cl\/wp\/wp-json\/wp\/v2\/media\/2639"}],"wp:attachment":[{"href":"https:\/\/lahormiguera.cl\/wp\/wp-json\/wp\/v2\/media?parent=2489"}],"wp:term":[{"taxonomy":"product_brand","embeddable":true,"href":"https:\/\/lahormiguera.cl\/wp\/wp-json\/wp\/v2\/product_brand?post=2489"},{"taxonomy":"product_cat","embeddable":true,"href":"https:\/\/lahormiguera.cl\/wp\/wp-json\/wp\/v2\/product_cat?post=2489"},{"taxonomy":"product_tag","embeddable":true,"href":"https:\/\/lahormiguera.cl\/wp\/wp-json\/wp\/v2\/product_tag?post=2489"}],"curies":[{"name":"wp","href":"https:\/\/api.w.org\/{rel}","templated":true}]}}