{"id":2694,"date":"2023-11-14T03:50:52","date_gmt":"2023-11-14T03:50:52","guid":{"rendered":"https:\/\/lahormiguera.cl\/wp\/?post_type=product&#038;p=2694"},"modified":"2023-12-19T13:47:27","modified_gmt":"2023-12-19T13:47:27","slug":"tencion-veterinaria-amorosa-y-transparente","status":"publish","type":"product","link":"https:\/\/lahormiguera.cl\/wp\/producto\/tencion-veterinaria-amorosa-y-transparente\/","title":{"rendered":"Atenci\u00f3n veterinaria amorosa y transparente"},"content":{"rendered":"","protected":false},"excerpt":{"rendered":"<p><span style=\"font-weight: 400;\">Fundaci\u00f3n Julieta est\u00e1 dedicada al rescate y adopci\u00f3n de perritos y gatitos en situaci\u00f3n de calle o abandono. Nuestra misi\u00f3n es ayudar a mejorar la calidad de vida de perros y gatos\u00a0 y encontrarles hogares amorosos.<\/span><\/p>\n<p><span style=\"font-weight: 400;\">Contamos con un equipo de voluntarios comprometidos y capacitados, quienes trabajan d\u00eda a d\u00eda para asegurarse de que los animales que rescatamos reciban los cuidados necesarios. Adem\u00e1s, contamos con un equipo de veterinarios que se encargan de brindar atenci\u00f3n m\u00e9dica a los animalitos en situaci\u00f3n de emergencia y que tambi\u00e9n realizan las evaluaciones necesarias antes de que los animales sean dados en adopci\u00f3n.<\/span><\/p>\n<p><strong><em>Frecuencia: <\/em><\/strong><em><span style=\"font-weight: 400;\">Lunes a viernes: 09:00 &#8211; 19:00 \/ <\/span><span style=\"font-weight: 400;\">S\u00e1bado: 09:00 &#8211; 14:00<\/span><\/em><\/p>\n<p><em><strong>Requiere apoyo de terceros:<\/strong><\/em>\u00a0 Si<\/p>\n<h4><strong>Vinc\u00falate en:<\/strong><\/h4>\n<p><strong><span style=\"color: #ff0000;\">\u21d2 <\/span><a href=\"https:\/\/fundacionjulieta.cl\/nosotros\/\">https:\/\/fundacionjulieta.cl\/nosotros\/<\/a><\/strong><br \/>\n<strong><span style=\"color: #ff0000;\">\u21d2 <\/span><a href=\"https:\/\/www.instagram.com\/centrofundacionjulieta\/\">https:\/\/www.instagram.com\/centrofundacionjulieta\/<\/a><\/strong><\/p>\n<p><strong><span style=\"color: #ff0000;\">\u21d2 <\/span>Los Jardines 300 , \u00d1u\u00f1oa<\/strong><br \/>\n<strong><span style=\"color: #ff0000;\">\u21d2 <\/span>+56 977 405 471<\/strong><\/p>\n","protected":false},"featured_media":2776,"comment_status":"open","ping_status":"closed","template":"","meta":[],"product_brand":[],"product_cat":[145],"product_tag":[],"class_list":{"0":"post-2694","1":"product","2":"type-product","3":"status-publish","4":"has-post-thumbnail","6":"product_cat-metropolitana","8":"first","9":"outofstock","10":"shipping-taxable","11":"product-type-simple"},"jetpack_sharing_enabled":true,"_links":{"self":[{"href":"https:\/\/lahormiguera.cl\/wp\/wp-json\/wp\/v2\/product\/2694","targetHints":{"allow":["GET"]}}],"collection":[{"href":"https:\/\/lahormiguera.cl\/wp\/wp-json\/wp\/v2\/product"}],"about":[{"href":"https:\/\/lahormiguera.cl\/wp\/wp-json\/wp\/v2\/types\/product"}],"replies":[{"embeddable":true,"href":"https:\/\/lahormiguera.cl\/wp\/wp-json\/wp\/v2\/comments?post=2694"}],"wp:featuredmedia":[{"embeddable":true,"href":"https:\/\/lahormiguera.cl\/wp\/wp-json\/wp\/v2\/media\/2776"}],"wp:attachment":[{"href":"https:\/\/lahormiguera.cl\/wp\/wp-json\/wp\/v2\/media?parent=2694"}],"wp:term":[{"taxonomy":"product_brand","embeddable":true,"href":"https:\/\/lahormiguera.cl\/wp\/wp-json\/wp\/v2\/product_brand?post=2694"},{"taxonomy":"product_cat","embeddable":true,"href":"https:\/\/lahormiguera.cl\/wp\/wp-json\/wp\/v2\/product_cat?post=2694"},{"taxonomy":"product_tag","embeddable":true,"href":"https:\/\/lahormiguera.cl\/wp\/wp-json\/wp\/v2\/product_tag?post=2694"}],"curies":[{"name":"wp","href":"https:\/\/api.w.org\/{rel}","templated":true}]}}