{"id":589,"date":"2021-03-10T21:02:37","date_gmt":"2021-03-10T21:02:37","guid":{"rendered":"https:\/\/lahormiguera.cl\/wp\/producto\/import-placeholder-for-22\/"},"modified":"2022-10-04T00:36:45","modified_gmt":"2022-10-04T00:36:45","slug":"promovemos-potenciamos-e-incentivamos-el-bienestar-y-la-salud-mental-como-factor-de-desarrollo-social","status":"publish","type":"product","link":"https:\/\/lahormiguera.cl\/wp\/producto\/promovemos-potenciamos-e-incentivamos-el-bienestar-y-la-salud-mental-como-factor-de-desarrollo-social\/","title":{"rendered":"Aportamos felicidad y ayuda social a ni\u00f1os, ancianos y gente en situaci\u00f3n calle"},"content":{"rendered":"","protected":false},"excerpt":{"rendered":"<p>En la Fundaci\u00f3n So\u00f1adores indestructibles desarrollamos actividades de \u00edndole cultural, recreacional y de beneficencia para beb\u00e9s, ni\u00f1os, adolescentes y j\u00f3venes en riesgo social, con discapacidades f\u00edsicas y cognitivas, adultos mayores en situaci\u00f3n de abandono y enfermedad, residentes de hogares y personas en situaci\u00f3n de calle.<\/p>\n<p>Programas vigentes:<br \/>\n&#8211; Personas mayores: En el Bosque y Temuco, residencias de larga estad\u00eda que acogen a un total de 70 personas mayores en estado de enfermedad y abandono. Colaboradores de SENAMA.<br \/>\n&#8211; Inclusi\u00f3n (Batuco), acoge a 150 varones con discapacidades f\u00edsicas y\/o cognitivas, residentes de hogar de larga estad\u00eda, colaborador de SENADIS.<br \/>\n&#8211; Infancia y juventud (Recoleta) hogar residencia de menores municipal, acoge a 12 varones ni\u00f1os y j\u00f3venes en riesgo social. Hogar colaborador de SENAME.<\/p>\n<p><strong><em>Frecuencia<\/em>:<\/strong> Diaria<br \/>\n<strong><em>Requiere apoyo de tercero<\/em>s:<\/strong> Si<\/p>\n<h4><em><strong>Vinc\u00falate en:<\/strong><br \/>\n<\/em><\/h4>\n<p><strong><span style=\"color: #ff0000;\">\u21d2 <\/span><a href=\"https:\/\/sonadoresindestructibles.cl\/\">https:\/\/sonadoresindestructibles.cl\/<\/a><\/strong><br \/>\n<strong><span style=\"color: #ff0000;\">\u21d2 <\/span><a href=\"https:\/\/www.facebook.com\/sonadoresindestructibles\/\">https:\/\/www.facebook.com\/sonadoresindestructibles\/<\/a><\/strong><br \/>\n<strong><span style=\"color: #ff0000;\">\u21d2 <\/span><a href=\"https:\/\/www.instagram.com\/sonadoresindestructibles\/\">https:\/\/www.instagram.com\/sonadoresindestructibles\/<\/a><\/strong><br \/>\n<strong><span style=\"color: #ff0000;\">\u21d2<\/span> info@sonadoresindestructibles.cl<\/strong><\/p>\n","protected":false},"featured_media":1939,"comment_status":"open","ping_status":"closed","template":"","meta":[],"product_brand":[],"product_cat":[140,145],"product_tag":[],"class_list":{"0":"post-589","1":"product","2":"type-product","3":"status-publish","4":"has-post-thumbnail","6":"product_cat-la-araucania","7":"product_cat-metropolitana","9":"first","10":"outofstock","11":"shipping-taxable","12":"product-type-simple"},"jetpack_sharing_enabled":true,"_links":{"self":[{"href":"https:\/\/lahormiguera.cl\/wp\/wp-json\/wp\/v2\/product\/589","targetHints":{"allow":["GET"]}}],"collection":[{"href":"https:\/\/lahormiguera.cl\/wp\/wp-json\/wp\/v2\/product"}],"about":[{"href":"https:\/\/lahormiguera.cl\/wp\/wp-json\/wp\/v2\/types\/product"}],"replies":[{"embeddable":true,"href":"https:\/\/lahormiguera.cl\/wp\/wp-json\/wp\/v2\/comments?post=589"}],"wp:featuredmedia":[{"embeddable":true,"href":"https:\/\/lahormiguera.cl\/wp\/wp-json\/wp\/v2\/media\/1939"}],"wp:attachment":[{"href":"https:\/\/lahormiguera.cl\/wp\/wp-json\/wp\/v2\/media?parent=589"}],"wp:term":[{"taxonomy":"product_brand","embeddable":true,"href":"https:\/\/lahormiguera.cl\/wp\/wp-json\/wp\/v2\/product_brand?post=589"},{"taxonomy":"product_cat","embeddable":true,"href":"https:\/\/lahormiguera.cl\/wp\/wp-json\/wp\/v2\/product_cat?post=589"},{"taxonomy":"product_tag","embeddable":true,"href":"https:\/\/lahormiguera.cl\/wp\/wp-json\/wp\/v2\/product_tag?post=589"}],"curies":[{"name":"wp","href":"https:\/\/api.w.org\/{rel}","templated":true}]}}