{"id":994,"date":"2021-04-21T04:34:26","date_gmt":"2021-04-21T04:34:26","guid":{"rendered":"https:\/\/lahormiguera.cl\/wp\/producto\/recoleccion-de-residuos-clasificados-para-reciclar\/"},"modified":"2022-09-13T16:35:49","modified_gmt":"2022-09-13T16:35:49","slug":"recoleccion-de-residuos-clasificados-para-reciclar","status":"publish","type":"product","link":"https:\/\/lahormiguera.cl\/wp\/producto\/recoleccion-de-residuos-clasificados-para-reciclar\/","title":{"rendered":"Reciclaje de residuos clasificados, retiro domiciliario gratis"},"content":{"rendered":"","protected":false},"excerpt":{"rendered":"<p>Servicio de retiro de reciclajes a particulares, comunidades y empresas. Recologico.<br \/>\nCajas pl\u00e1sticas, botellas pl\u00e1sticas, bater\u00edas, botellas de vidrio, cartones, latas, botellas de aceite vegetal, envases de detergentes y limpiadores, artefactos del hogar y de oficina, latas, metales y chatarra, papel, pilas, tetrapack, toner, tapas pl\u00e1sticas y otros.<\/p>\n<p><em><strong>Frecuencia:<\/strong> <\/em>Todo el a\u00f1o, de Lunes a Viernes<br \/>\n<em><strong>Requiere apoyo de terceros<\/strong><\/em>: No<\/p>\n<h4><em><strong>Vinc\u00falate en:<\/strong><\/em><\/h4>\n<p><span style=\"color: #000000;\"><strong><span style=\"color: #ff0000;\">\u21d2<\/span> <a style=\"color: #000000;\" href=\"https:\/\/www.recologico.cl\">https:\/\/www.recologico.cl<\/a><\/strong><\/span><br \/>\n<span style=\"color: #000000;\"><strong><span style=\"color: #ff0000;\">\u21d2 <a style=\"color: #ff0000;\" href=\"https:\/\/www.facebook.com\/recologico.cl\/\"><span style=\"color: #000000;\">https:\/\/www.facebook.com\/recologico.cl\/<\/span><\/a><\/span><\/strong><\/span><br \/>\n<span style=\"color: #000000;\"><strong><span style=\"color: #ff0000;\">\u21d2 <\/span><a style=\"color: #000000;\" href=\"https:\/\/www.instagram.com\/recologico.cl\/\">https:\/\/www.instagram.com\/recologico.cl\/<\/a><\/strong><\/span><br \/>\n<span style=\"color: #000000;\"><strong><span style=\"color: #ff0000;\">\u21d2<\/span> WhatsApp +56968339962<\/strong><\/span><br \/>\n<span style=\"color: #000000;\"><strong><span style=\"color: #ff0000;\">\u21d2<\/span> contacto@recologico.cl<\/strong><\/span><\/p>\n","protected":false},"featured_media":1865,"comment_status":"open","ping_status":"closed","template":"","meta":[],"product_brand":[],"product_cat":[145],"product_tag":[],"class_list":{"0":"post-994","1":"product","2":"type-product","3":"status-publish","4":"has-post-thumbnail","6":"product_cat-metropolitana","8":"first","9":"outofstock","10":"shipping-taxable","11":"product-type-simple"},"jetpack_sharing_enabled":true,"_links":{"self":[{"href":"https:\/\/lahormiguera.cl\/wp\/wp-json\/wp\/v2\/product\/994","targetHints":{"allow":["GET"]}}],"collection":[{"href":"https:\/\/lahormiguera.cl\/wp\/wp-json\/wp\/v2\/product"}],"about":[{"href":"https:\/\/lahormiguera.cl\/wp\/wp-json\/wp\/v2\/types\/product"}],"replies":[{"embeddable":true,"href":"https:\/\/lahormiguera.cl\/wp\/wp-json\/wp\/v2\/comments?post=994"}],"wp:featuredmedia":[{"embeddable":true,"href":"https:\/\/lahormiguera.cl\/wp\/wp-json\/wp\/v2\/media\/1865"}],"wp:attachment":[{"href":"https:\/\/lahormiguera.cl\/wp\/wp-json\/wp\/v2\/media?parent=994"}],"wp:term":[{"taxonomy":"product_brand","embeddable":true,"href":"https:\/\/lahormiguera.cl\/wp\/wp-json\/wp\/v2\/product_brand?post=994"},{"taxonomy":"product_cat","embeddable":true,"href":"https:\/\/lahormiguera.cl\/wp\/wp-json\/wp\/v2\/product_cat?post=994"},{"taxonomy":"product_tag","embeddable":true,"href":"https:\/\/lahormiguera.cl\/wp\/wp-json\/wp\/v2\/product_tag?post=994"}],"curies":[{"name":"wp","href":"https:\/\/api.w.org\/{rel}","templated":true}]}}